{"id":228400,"date":"2026-03-04T06:44:22","date_gmt":"2026-03-04T05:44:22","guid":{"rendered":"https:\/\/grupotextil.es\/producto\/ability-shorts-m\/"},"modified":"2026-04-19T04:06:50","modified_gmt":"2026-04-19T02:06:50","slug":"ability-shorts-m","status":"publish","type":"product","link":"https:\/\/grupotextil.es\/ca\/product\/ability-shorts-m\/","title":{"rendered":"Ability Shorts M"},"content":{"rendered":"<p>Los Ability son unos pantalones cortos de entrenamiento y competici\u00f3n muy funcionales dise\u00f1ados para deportes de raqueta como el tenis o el p\u00e1del.<\/p>\n<p>Los pantalones est\u00e1n confeccionados con un tejido de poli\u00e9ster funcional y el\u00e1stico que ofrece una excepcional eliminaci\u00f3n de la humedad y libertad de movimiento. Los bolsillos de malla el\u00e1stica permiten guardar con seguridad las pelotas de tenis durante los partidos m\u00e1s intensos, mientras que los detalles perforados de la parte posterior ofrecen una mayor ventilaci\u00f3n. Adem\u00e1s, los pantalones cortos cuentan con una cintura el\u00e1stica con cord\u00f3n para un ajuste individual. Perfecta para la inclusi\u00f3n de marcas con el logotipo del club, patrocinios o empresas.<\/p>\n<p>\u2022 Tejido ligero y el\u00e1stico confeccionado con poli\u00e9ster reciclado y elastano<\/p>\n<p>\u2022 Dos bolsillos de malla el\u00e1stica (dos pelotas de tenis por bolsillo)<\/p>\n<p>\u2022 Detalles perforados en la parte posterior<\/p>\n<p>\u2022 Cintura el\u00e1stica con cord\u00f3n<\/p>\n<p>\u2022 Aberturas laterales<\/p>\n<p>\u2022 Largo de entrepierna de 7\u00a0cm en la talla M<\/p>\n<p>\u2022 Dise\u00f1o limpio<\/p>\n<p><strong>Composici\u00f3n:<\/strong> 88% Polyester Recycled, 12% Elastane | <strong>Tallas:<\/strong> XS-3XL<\/p>","protected":false},"excerpt":{"rendered":"<p>Los Ability son unos pantalones cortos de entrenamiento y competici\u00f3n muy funcionales dise\u00f1ados para deportes de raqueta como el tenis o el p\u00e1del.<\/p>","protected":false},"featured_media":235710,"comment_status":"open","ping_status":"closed","template":"","meta":{"_acf_changed":false},"product_brand":[10489],"product_cat":[13983],"product_tag":[],"class_list":{"0":"post-228400","1":"product","2":"type-product","3":"status-publish","4":"has-post-thumbnail","6":"product_brand-craft","7":"product_cat-h-pantalones","8":"tm-no-options","10":"first","11":"instock","12":"taxable","13":"shipping-taxable","14":"product-type-variable"},"acf":[],"_links":{"self":[{"href":"https:\/\/grupotextil.es\/ca\/wp-json\/wp\/v2\/product\/228400","targetHints":{"allow":["GET"]}}],"collection":[{"href":"https:\/\/grupotextil.es\/ca\/wp-json\/wp\/v2\/product"}],"about":[{"href":"https:\/\/grupotextil.es\/ca\/wp-json\/wp\/v2\/types\/product"}],"replies":[{"embeddable":true,"href":"https:\/\/grupotextil.es\/ca\/wp-json\/wp\/v2\/comments?post=228400"}],"wp:featuredmedia":[{"embeddable":true,"href":"https:\/\/grupotextil.es\/ca\/wp-json\/wp\/v2\/media\/235710"}],"wp:attachment":[{"href":"https:\/\/grupotextil.es\/ca\/wp-json\/wp\/v2\/media?parent=228400"}],"wp:term":[{"taxonomy":"product_brand","embeddable":true,"href":"https:\/\/grupotextil.es\/ca\/wp-json\/wp\/v2\/product_brand?post=228400"},{"taxonomy":"product_cat","embeddable":true,"href":"https:\/\/grupotextil.es\/ca\/wp-json\/wp\/v2\/product_cat?post=228400"},{"taxonomy":"product_tag","embeddable":true,"href":"https:\/\/grupotextil.es\/ca\/wp-json\/wp\/v2\/product_tag?post=228400"}],"curies":[{"name":"wp","href":"https:\/\/api.w.org\/{rel}","templated":true}]}}