{"id":228507,"date":"2026-03-04T06:45:44","date_gmt":"2026-03-04T05:45:44","guid":{"rendered":"https:\/\/grupotextil.es\/producto\/neptune-modern\/"},"modified":"2026-04-26T04:05:42","modified_gmt":"2026-04-26T02:05:42","slug":"neptune-modern","status":"publish","type":"product","link":"https:\/\/grupotextil.es\/ca\/product\/neptune-modern\/","title":{"rendered":"Neptune Modern"},"content":{"rendered":"<p>Polo con aberturas laterales y botones a juego. Lavado enzim\u00e1tico para un tacto m\u00e1s delicado. El tratamiento hace que el polo est\u00e9 pre-encogido. Neptune est\u00e1 disponible en tres versiones: el tradicional Regular, el m\u00e1s ajustado Modern y para la mujer moderna Woman.<\/p>\n<p><strong>Composici\u00f3n:<\/strong> 100% algod\u00f3n peinado Compact, 200 g\/m\u00b2 | <strong>Tallas:<\/strong> S-XXL<\/p>","protected":false},"excerpt":{"rendered":"<p>Polo con aberturas laterales y botones a juego. Lavado enzim\u00e1tico para un tacto m\u00e1s delicado. El tratamiento hace que el polo est\u00e9 pre-encogido. Neptune est\u00e1 disponible en tres versiones: el tradicional Regular, el m\u00e1s ajustado Modern y para la mujer<\/p>","protected":false},"featured_media":235760,"comment_status":"open","ping_status":"closed","template":"","meta":{"_acf_changed":false},"product_brand":[10521],"product_cat":[13974,13975,13973],"product_tag":[],"class_list":{"0":"post-228507","1":"product","2":"type-product","3":"status-publish","4":"has-post-thumbnail","6":"product_brand-james-harvest","7":"product_cat-ropa-hombre","8":"product_cat-ropa-mujer","9":"product_cat-ropa","10":"tm-no-options","12":"first","13":"instock","14":"taxable","15":"shipping-taxable","16":"product-type-variable"},"acf":[],"_links":{"self":[{"href":"https:\/\/grupotextil.es\/ca\/wp-json\/wp\/v2\/product\/228507","targetHints":{"allow":["GET"]}}],"collection":[{"href":"https:\/\/grupotextil.es\/ca\/wp-json\/wp\/v2\/product"}],"about":[{"href":"https:\/\/grupotextil.es\/ca\/wp-json\/wp\/v2\/types\/product"}],"replies":[{"embeddable":true,"href":"https:\/\/grupotextil.es\/ca\/wp-json\/wp\/v2\/comments?post=228507"}],"wp:featuredmedia":[{"embeddable":true,"href":"https:\/\/grupotextil.es\/ca\/wp-json\/wp\/v2\/media\/235760"}],"wp:attachment":[{"href":"https:\/\/grupotextil.es\/ca\/wp-json\/wp\/v2\/media?parent=228507"}],"wp:term":[{"taxonomy":"product_brand","embeddable":true,"href":"https:\/\/grupotextil.es\/ca\/wp-json\/wp\/v2\/product_brand?post=228507"},{"taxonomy":"product_cat","embeddable":true,"href":"https:\/\/grupotextil.es\/ca\/wp-json\/wp\/v2\/product_cat?post=228507"},{"taxonomy":"product_tag","embeddable":true,"href":"https:\/\/grupotextil.es\/ca\/wp-json\/wp\/v2\/product_tag?post=228507"}],"curies":[{"name":"wp","href":"https:\/\/api.w.org\/{rel}","templated":true}]}}