{"id":228534,"date":"2026-03-04T06:46:06","date_gmt":"2026-03-04T05:46:06","guid":{"rendered":"https:\/\/grupotextil.es\/producto\/rb120-twill-regular\/"},"modified":"2026-04-26T04:05:42","modified_gmt":"2026-04-26T02:05:42","slug":"rb120-twill-regular","status":"publish","type":"product","link":"https:\/\/grupotextil.es\/ca\/product\/rb120-twill-regular\/","title":{"rendered":"RB120 Twill Regular"},"content":{"rendered":"<p>La camisa perfecta para cualquier ocasi\u00f3n. Con el caracter\u00edstico color \u00edndigo, nuestro famoso tejido de sarga fina sin plancha puede recordarle a una elegante \u00abcamisa vaquera\u00bb. Estampado de cachemir a tono en cuello y pu\u00f1os, Detalles blancos en tapeta y botones.<\/p>\n<p>La t\u00edpica camisa de nuestra l\u00ednea Redbow. Cl\u00e1sica, pero con detalles que confieren a la camisa un aspecto moderno y sofisticado.<\/p>\n<p><strong>Composici\u00f3n:<\/strong> 100% algod\u00f3n de sarga, algod\u00f3n compacto de 2 capas de fibras largas. Tratamiento medioambiental patentado sin plancha.  Costuras principales selladas. Manga larga. Pu\u00f1o de \u00e1ngel sencillo, con ojal adicional para gemelos. Botones de 4 mm de grosor. | <strong>Peso:<\/strong> 124 g\/m\u00b2 | <strong>Tallas:<\/strong> S-4XL<\/p>","protected":false},"excerpt":{"rendered":"<p>La camisa perfecta para cualquier ocasi\u00f3n. Con el caracter\u00edstico color \u00edndigo, nuestro famoso tejido de sarga fina sin plancha puede recordarle a una elegante \u00abcamisa vaquera\u00bb. Estampado de cachemir a tono en cuello y pu\u00f1os, Detalles blancos en tapet<\/p>","protected":false},"featured_media":235769,"comment_status":"open","ping_status":"closed","template":"","meta":{"_acf_changed":false},"product_brand":[10563],"product_cat":[13995],"product_tag":[],"class_list":{"0":"post-228534","1":"product","2":"type-product","3":"status-publish","4":"has-post-thumbnail","6":"product_brand-j-harvest-frost","7":"product_cat-n-camisetas","8":"tm-no-options","10":"first","11":"instock","12":"taxable","13":"shipping-taxable","14":"product-type-variable"},"acf":[],"_links":{"self":[{"href":"https:\/\/grupotextil.es\/ca\/wp-json\/wp\/v2\/product\/228534","targetHints":{"allow":["GET"]}}],"collection":[{"href":"https:\/\/grupotextil.es\/ca\/wp-json\/wp\/v2\/product"}],"about":[{"href":"https:\/\/grupotextil.es\/ca\/wp-json\/wp\/v2\/types\/product"}],"replies":[{"embeddable":true,"href":"https:\/\/grupotextil.es\/ca\/wp-json\/wp\/v2\/comments?post=228534"}],"wp:featuredmedia":[{"embeddable":true,"href":"https:\/\/grupotextil.es\/ca\/wp-json\/wp\/v2\/media\/235769"}],"wp:attachment":[{"href":"https:\/\/grupotextil.es\/ca\/wp-json\/wp\/v2\/media?parent=228534"}],"wp:term":[{"taxonomy":"product_brand","embeddable":true,"href":"https:\/\/grupotextil.es\/ca\/wp-json\/wp\/v2\/product_brand?post=228534"},{"taxonomy":"product_cat","embeddable":true,"href":"https:\/\/grupotextil.es\/ca\/wp-json\/wp\/v2\/product_cat?post=228534"},{"taxonomy":"product_tag","embeddable":true,"href":"https:\/\/grupotextil.es\/ca\/wp-json\/wp\/v2\/product_tag?post=228534"}],"curies":[{"name":"wp","href":"https:\/\/api.w.org\/{rel}","templated":true}]}}