{"id":228584,"date":"2026-03-04T06:46:43","date_gmt":"2026-03-04T05:46:43","guid":{"rendered":"https:\/\/grupotextil.es\/producto\/neptune-woman\/"},"modified":"2026-04-19T04:06:51","modified_gmt":"2026-04-19T02:06:51","slug":"neptune-woman","status":"publish","type":"product","link":"https:\/\/grupotextil.es\/ca\/product\/neptune-woman\/","title":{"rendered":"Neptune Woman"},"content":{"rendered":"<p>Polo con aberturas laterales y botones a juego. Lavado enzim\u00e1tico para un tacto m\u00e1s delicado. El tratamiento hace que el polo est\u00e9 pre-encogido. Neptune est\u00e1 disponible en tres versiones: el tradicional Regular, el m\u00e1s ajustado Modern y para la mujer moderna Woman.<\/p>\n<p><strong>Composici\u00f3n:<\/strong> 100% algod\u00f3n peinado Compact, 200 g\/m131 | <strong>Tallas:<\/strong> XS-XXL<\/p>","protected":false},"excerpt":{"rendered":"<p>Polo con aberturas laterales y botones a juego. Lavado enzim\u00e1tico para un tacto m\u00e1s delicado. El tratamiento hace que el polo est\u00e9 pre-encogido. Neptune est\u00e1 disponible en tres versiones: el tradicional Regular, el m\u00e1s ajustado Modern y para la mujer<\/p>","protected":false},"featured_media":235793,"comment_status":"open","ping_status":"closed","template":"","meta":{"_acf_changed":false},"product_brand":[10521],"product_cat":[13974,13975,13973],"product_tag":[],"class_list":{"0":"post-228584","1":"product","2":"type-product","3":"status-publish","4":"has-post-thumbnail","6":"product_brand-james-harvest","7":"product_cat-ropa-hombre","8":"product_cat-ropa-mujer","9":"product_cat-ropa","10":"tm-no-options","12":"first","13":"instock","14":"taxable","15":"shipping-taxable","16":"product-type-variable"},"acf":[],"_links":{"self":[{"href":"https:\/\/grupotextil.es\/ca\/wp-json\/wp\/v2\/product\/228584","targetHints":{"allow":["GET"]}}],"collection":[{"href":"https:\/\/grupotextil.es\/ca\/wp-json\/wp\/v2\/product"}],"about":[{"href":"https:\/\/grupotextil.es\/ca\/wp-json\/wp\/v2\/types\/product"}],"replies":[{"embeddable":true,"href":"https:\/\/grupotextil.es\/ca\/wp-json\/wp\/v2\/comments?post=228584"}],"wp:featuredmedia":[{"embeddable":true,"href":"https:\/\/grupotextil.es\/ca\/wp-json\/wp\/v2\/media\/235793"}],"wp:attachment":[{"href":"https:\/\/grupotextil.es\/ca\/wp-json\/wp\/v2\/media?parent=228584"}],"wp:term":[{"taxonomy":"product_brand","embeddable":true,"href":"https:\/\/grupotextil.es\/ca\/wp-json\/wp\/v2\/product_brand?post=228584"},{"taxonomy":"product_cat","embeddable":true,"href":"https:\/\/grupotextil.es\/ca\/wp-json\/wp\/v2\/product_cat?post=228584"},{"taxonomy":"product_tag","embeddable":true,"href":"https:\/\/grupotextil.es\/ca\/wp-json\/wp\/v2\/product_tag?post=228584"}],"curies":[{"name":"wp","href":"https:\/\/api.w.org\/{rel}","templated":true}]}}