{"id":228633,"date":"2026-03-04T06:47:21","date_gmt":"2026-03-04T05:47:21","guid":{"rendered":"https:\/\/grupotextil.es\/producto\/2560-shorts-elasticos\/"},"modified":"2026-04-19T04:06:51","modified_gmt":"2026-04-19T02:06:51","slug":"2560-shorts-elasticos","status":"publish","type":"product","link":"https:\/\/grupotextil.es\/ca\/product\/2560-shorts-elasticos\/","title":{"rendered":"2560 SHORTS EL\u00c1STICOS"},"content":{"rendered":"<p>Pantal\u00f3n corto totalmente el\u00e1stico que proporciona la m\u00e1xima libertad de movimiento. Corte moderno y ajustado. Cinta el\u00e1stica cosida y ajustable en la cintura para mayor comodidad, tambi\u00e9n engomada para mantener el pantal\u00f3n en su sitio. Bolsillos laterales abiertos a ambos lados. Bolsillos de pernera a ambos lados con cierre de cremallera, tambi\u00e9n bolsillos traseros con cierre de cremallera. Trabilla m\u00e1s ancha en la parte trasera para evitar la presi\u00f3n del cintur\u00f3n. Bot\u00f3n oculto en la parte delantera.<\/p>\n<p><strong>Composici\u00f3n:<\/strong> 92% poli\u00e9ster, 8% elastano &#8211; 210-215 g\/m2 | <strong>Tallas:<\/strong> C44-C64<\/p>","protected":false},"excerpt":{"rendered":"<p>Pantal\u00f3n corto totalmente el\u00e1stico que proporciona la m\u00e1xima libertad de movimiento. Corte moderno y ajustado. Cinta el\u00e1stica cosida y ajustable en la cintura para mayor comodidad, tambi\u00e9n engomada para mantener el pantal\u00f3n en su sitio. Bolsillos lat<\/p>","protected":false},"featured_media":235813,"comment_status":"open","ping_status":"closed","template":"","meta":{"_acf_changed":false},"product_brand":[10531],"product_cat":[13983],"product_tag":[],"class_list":{"0":"post-228633","1":"product","2":"type-product","3":"status-publish","4":"has-post-thumbnail","6":"product_brand-projob","7":"product_cat-h-pantalones","8":"tm-no-options","10":"first","11":"instock","12":"taxable","13":"shipping-taxable","14":"product-type-variable"},"acf":[],"_links":{"self":[{"href":"https:\/\/grupotextil.es\/ca\/wp-json\/wp\/v2\/product\/228633","targetHints":{"allow":["GET"]}}],"collection":[{"href":"https:\/\/grupotextil.es\/ca\/wp-json\/wp\/v2\/product"}],"about":[{"href":"https:\/\/grupotextil.es\/ca\/wp-json\/wp\/v2\/types\/product"}],"replies":[{"embeddable":true,"href":"https:\/\/grupotextil.es\/ca\/wp-json\/wp\/v2\/comments?post=228633"}],"wp:featuredmedia":[{"embeddable":true,"href":"https:\/\/grupotextil.es\/ca\/wp-json\/wp\/v2\/media\/235813"}],"wp:attachment":[{"href":"https:\/\/grupotextil.es\/ca\/wp-json\/wp\/v2\/media?parent=228633"}],"wp:term":[{"taxonomy":"product_brand","embeddable":true,"href":"https:\/\/grupotextil.es\/ca\/wp-json\/wp\/v2\/product_brand?post=228633"},{"taxonomy":"product_cat","embeddable":true,"href":"https:\/\/grupotextil.es\/ca\/wp-json\/wp\/v2\/product_cat?post=228633"},{"taxonomy":"product_tag","embeddable":true,"href":"https:\/\/grupotextil.es\/ca\/wp-json\/wp\/v2\/product_tag?post=228633"}],"curies":[{"name":"wp","href":"https:\/\/api.w.org\/{rel}","templated":true}]}}