{"id":228727,"date":"2026-03-04T06:48:31","date_gmt":"2026-03-04T05:48:31","guid":{"rendered":"https:\/\/grupotextil.es\/producto\/carolina-s-s\/"},"modified":"2026-04-26T04:05:43","modified_gmt":"2026-04-26T02:05:43","slug":"carolina-s-s","status":"publish","type":"product","link":"https:\/\/grupotextil.es\/ca\/product\/carolina-s-s\/","title":{"rendered":"Carolina S\/S"},"content":{"rendered":"<p>Camiseta el\u00e1stica en single jersey para mujer con cuello redondo ancho. Canal\u00e9 el\u00e1stico y costuras laterales.<\/p>\n<p><strong>Composici\u00f3n:<\/strong> 95% Algod\u00f3n, 5% Elastano (gris marengo [95] 80% Algod\u00f3n, 15% Viscosa 5% elastano). | <strong>Peso:<\/strong> 170 g\/m2 | <strong>Tallas:<\/strong> S-XXL (00, 99: S-3XL)<\/p>","protected":false},"excerpt":{"rendered":"<p>Camiseta el\u00e1stica en single jersey para mujer con cuello redondo ancho. Canal\u00e9 el\u00e1stico y costuras laterales.<\/p>","protected":false},"featured_media":235863,"comment_status":"open","ping_status":"closed","template":"","meta":{"_acf_changed":false},"product_brand":[10446],"product_cat":[13995],"product_tag":[],"class_list":{"0":"post-228727","1":"product","2":"type-product","3":"status-publish","4":"has-post-thumbnail","6":"product_brand-clique","7":"product_cat-n-camisetas","8":"tm-no-options","10":"first","11":"instock","12":"taxable","13":"shipping-taxable","14":"product-type-variable"},"acf":[],"_links":{"self":[{"href":"https:\/\/grupotextil.es\/ca\/wp-json\/wp\/v2\/product\/228727","targetHints":{"allow":["GET"]}}],"collection":[{"href":"https:\/\/grupotextil.es\/ca\/wp-json\/wp\/v2\/product"}],"about":[{"href":"https:\/\/grupotextil.es\/ca\/wp-json\/wp\/v2\/types\/product"}],"replies":[{"embeddable":true,"href":"https:\/\/grupotextil.es\/ca\/wp-json\/wp\/v2\/comments?post=228727"}],"wp:featuredmedia":[{"embeddable":true,"href":"https:\/\/grupotextil.es\/ca\/wp-json\/wp\/v2\/media\/235863"}],"wp:attachment":[{"href":"https:\/\/grupotextil.es\/ca\/wp-json\/wp\/v2\/media?parent=228727"}],"wp:term":[{"taxonomy":"product_brand","embeddable":true,"href":"https:\/\/grupotextil.es\/ca\/wp-json\/wp\/v2\/product_brand?post=228727"},{"taxonomy":"product_cat","embeddable":true,"href":"https:\/\/grupotextil.es\/ca\/wp-json\/wp\/v2\/product_cat?post=228727"},{"taxonomy":"product_tag","embeddable":true,"href":"https:\/\/grupotextil.es\/ca\/wp-json\/wp\/v2\/product_tag?post=228727"}],"curies":[{"name":"wp","href":"https:\/\/api.w.org\/{rel}","templated":true}]}}