{"id":228792,"date":"2026-03-04T06:49:19","date_gmt":"2026-03-04T05:49:19","guid":{"rendered":"https:\/\/grupotextil.es\/producto\/6530-pantalon-hv-clase-1\/"},"modified":"2026-04-26T04:05:44","modified_gmt":"2026-04-26T02:05:44","slug":"6530-pantalon-hv-clase-1","status":"publish","type":"product","link":"https:\/\/grupotextil.es\/ca\/product\/6530-pantalon-hv-clase-1\/","title":{"rendered":"6530 PANTAL\u00d3N HV CLASE 1"},"content":{"rendered":"<p>Pantalones de algod\u00f3n resistente con un gramaje ligeramente inferior para un pantal\u00f3n ligero. Bolsillos tipo funda, uno con un bolsillo extra y otro con trabillas para herramientas, los bolsillos tipo funda se pueden guardar en los bolsillos laterales. Bolsillos traseros con solapa y cierre de velcro. Bolsillos en pierna, en el lado izquierdo dos bolsillos con solapa y cierre de velcro, tambi\u00e9n con gancho para sujetar la tarjeta de identificaci\u00f3n. Bolsillo para cinta m\u00e9trica y bolsillo con bot\u00f3n para herramientas en el lado derecho. Dos trabillas para martillo, una a cada lado. Refuerzos en los bolsillos para fundas, bolsillo para cinta m\u00e9trica y sobre las rodillas para una mayor durabilidad. Rodillas precurvadas con bolsillos internos para protectores de rodillas, ajustables a dos niveles de altura. La talla C42-C64 se puede alargar 5 cm.<\/p>\n<p><strong>Composici\u00f3n:<\/strong> 100% Algod\u00f3n, 320 g\/m2  Refuerzos: 100% poliamida | <strong>Peso:<\/strong> 320 g\/m\u00b2 | <strong>Tallas:<\/strong> C42-D120<\/p>","protected":false},"excerpt":{"rendered":"<p>Pantalones de algod\u00f3n resistente con un gramaje ligeramente inferior para un pantal\u00f3n ligero. Bolsillos tipo funda, uno con un bolsillo extra y otro con trabillas para herramientas, los bolsillos tipo funda se pueden guardar en los bolsillos laterale<\/p>","protected":false},"featured_media":235891,"comment_status":"open","ping_status":"closed","template":"","meta":{"_acf_changed":false},"product_brand":[10531],"product_cat":[13983],"product_tag":[],"class_list":{"0":"post-228792","1":"product","2":"type-product","3":"status-publish","4":"has-post-thumbnail","6":"product_brand-projob","7":"product_cat-h-pantalones","8":"tm-no-options","10":"first","11":"instock","12":"taxable","13":"shipping-taxable","14":"product-type-variable"},"acf":[],"_links":{"self":[{"href":"https:\/\/grupotextil.es\/ca\/wp-json\/wp\/v2\/product\/228792","targetHints":{"allow":["GET"]}}],"collection":[{"href":"https:\/\/grupotextil.es\/ca\/wp-json\/wp\/v2\/product"}],"about":[{"href":"https:\/\/grupotextil.es\/ca\/wp-json\/wp\/v2\/types\/product"}],"replies":[{"embeddable":true,"href":"https:\/\/grupotextil.es\/ca\/wp-json\/wp\/v2\/comments?post=228792"}],"wp:featuredmedia":[{"embeddable":true,"href":"https:\/\/grupotextil.es\/ca\/wp-json\/wp\/v2\/media\/235891"}],"wp:attachment":[{"href":"https:\/\/grupotextil.es\/ca\/wp-json\/wp\/v2\/media?parent=228792"}],"wp:term":[{"taxonomy":"product_brand","embeddable":true,"href":"https:\/\/grupotextil.es\/ca\/wp-json\/wp\/v2\/product_brand?post=228792"},{"taxonomy":"product_cat","embeddable":true,"href":"https:\/\/grupotextil.es\/ca\/wp-json\/wp\/v2\/product_cat?post=228792"},{"taxonomy":"product_tag","embeddable":true,"href":"https:\/\/grupotextil.es\/ca\/wp-json\/wp\/v2\/product_tag?post=228792"}],"curies":[{"name":"wp","href":"https:\/\/api.w.org\/{rel}","templated":true}]}}