{"id":228829,"date":"2026-03-04T06:49:47","date_gmt":"2026-03-04T05:49:47","guid":{"rendered":"https:\/\/grupotextil.es\/producto\/lodgetown-woman\/"},"modified":"2026-04-26T04:05:44","modified_gmt":"2026-04-26T02:05:44","slug":"lodgetown-woman","status":"publish","type":"product","link":"https:\/\/grupotextil.es\/ca\/product\/lodgetown-woman\/","title":{"rendered":"Lodgetown Woman"},"content":{"rendered":"<p>Chaqueta Softshell repelente a agua y viento. Cremallera waterproof frontal y en bolsillos laterales. Bolsillos interiores con cremallera en la parte izquierda. Capucha extra\u00edble. Pu\u00f1os ajustables con Velcro. Capucha ajustable con cord\u00f3n el\u00e1stico. Cremallera interior oculta para bordado. WP 3000 \/ MVP 3000: testeado seg\u00fan las normas ISO 811:2018 y ASTM E96\/96M.<\/p>\n<p><strong>Composici\u00f3n:<\/strong> Shell: 100% polyester, bonded with 100% polyester birds eye. Lining: 100% polyester (sleeves) + 100% polyester mesh (body) | <strong>Peso:<\/strong> 285 gr\/m\u00b2 | <strong>Tallas:<\/strong> XS-XXL<\/p>","protected":false},"excerpt":{"rendered":"<p>Chaqueta Softshell repelente a agua y viento. Cremallera waterproof frontal y en bolsillos laterales. Bolsillos interiores con cremallera en la parte izquierda. Capucha extra\u00edble. Pu\u00f1os ajustables con Velcro. Capucha ajustable con cord\u00f3n el\u00e1stico. Cr<\/p>","protected":false},"featured_media":235913,"comment_status":"open","ping_status":"closed","template":"","meta":{"_acf_changed":false},"product_brand":[10521],"product_cat":[15147],"product_tag":[],"class_list":{"0":"post-228829","1":"product","2":"type-product","3":"status-publish","4":"has-post-thumbnail","6":"product_brand-james-harvest","7":"product_cat-new-wave","8":"tm-no-options","10":"first","11":"instock","12":"taxable","13":"shipping-taxable","14":"product-type-variable"},"acf":[],"_links":{"self":[{"href":"https:\/\/grupotextil.es\/ca\/wp-json\/wp\/v2\/product\/228829","targetHints":{"allow":["GET"]}}],"collection":[{"href":"https:\/\/grupotextil.es\/ca\/wp-json\/wp\/v2\/product"}],"about":[{"href":"https:\/\/grupotextil.es\/ca\/wp-json\/wp\/v2\/types\/product"}],"replies":[{"embeddable":true,"href":"https:\/\/grupotextil.es\/ca\/wp-json\/wp\/v2\/comments?post=228829"}],"wp:featuredmedia":[{"embeddable":true,"href":"https:\/\/grupotextil.es\/ca\/wp-json\/wp\/v2\/media\/235913"}],"wp:attachment":[{"href":"https:\/\/grupotextil.es\/ca\/wp-json\/wp\/v2\/media?parent=228829"}],"wp:term":[{"taxonomy":"product_brand","embeddable":true,"href":"https:\/\/grupotextil.es\/ca\/wp-json\/wp\/v2\/product_brand?post=228829"},{"taxonomy":"product_cat","embeddable":true,"href":"https:\/\/grupotextil.es\/ca\/wp-json\/wp\/v2\/product_cat?post=228829"},{"taxonomy":"product_tag","embeddable":true,"href":"https:\/\/grupotextil.es\/ca\/wp-json\/wp\/v2\/product_tag?post=228829"}],"curies":[{"name":"wp","href":"https:\/\/api.w.org\/{rel}","templated":true}]}}