{"id":228865,"date":"2026-03-04T06:50:15","date_gmt":"2026-03-04T05:50:15","guid":{"rendered":"https:\/\/grupotextil.es\/producto\/6522-pantalon-cordura-hv-clase-1\/"},"modified":"2026-04-19T04:06:52","modified_gmt":"2026-04-19T02:06:52","slug":"6522-pantalon-cordura-hv-clase-1","status":"publish","type":"product","link":"https:\/\/grupotextil.es\/ca\/product\/6522-pantalon-cordura-hv-clase-1\/","title":{"rendered":"6522 PANTAL\u00d3N CORDURA HV CLASE 1"},"content":{"rendered":"<p>Pantalones de algod\u00f3n y refuerzos de Cordura\u00ae. Bolsillos laterales en ambos lados, uno con bolsillos adicionales y otro con presillas para herramientas. Bolsillos en la pierna, en el lado izquierdo bolsillo con solapa y cierre de bot\u00f3n a presi\u00f3n, bolsillo interior para m\u00f3vil y gancho para tarjeta de identificaci\u00f3n. En el lado derecho bolsillo para cinta m\u00e9trica y bolsillo con bot\u00f3n para herramientas. Bolsillos traseros con anchura extra, el izquierdo con solapa. Dos trabillas ajustables para martillo, una a cada lado. D-Ring en cintura. Rodillas precurvadas para mayor comodidad. Bolsillos internos para protectores de rodillas, ajustables a dos niveles de altura. Parte trasera de los dobladillos de las piernas y rodillas reforzadas con Cordura\u00ae para una mayor durabilidad.<\/p>\n<p><strong>Composici\u00f3n:<\/strong> 100% algod\u00f3n &#8211; 375 g\/m2.  Refuerzos: 100% poliamida. Cordura\u00ae | <strong>Peso:<\/strong> 375 g\/m\u00b2 | <strong>Tallas:<\/strong> C44-C62 (10: C44-C148)<\/p>","protected":false},"excerpt":{"rendered":"<p>Pantalones de algod\u00f3n y refuerzos de Cordura\u00ae. Bolsillos laterales en ambos lados, uno con bolsillos adicionales y otro con presillas para herramientas. Bolsillos en la pierna, en el lado izquierdo bolsillo con solapa y cierre de bot\u00f3n a presi\u00f3n, bol<\/p>","protected":false},"featured_media":235930,"comment_status":"open","ping_status":"closed","template":"","meta":{"_acf_changed":false},"product_brand":[10531],"product_cat":[13983],"product_tag":[],"class_list":{"0":"post-228865","1":"product","2":"type-product","3":"status-publish","4":"has-post-thumbnail","6":"product_brand-projob","7":"product_cat-h-pantalones","8":"tm-no-options","10":"first","11":"instock","12":"taxable","13":"shipping-taxable","14":"product-type-variable"},"acf":[],"_links":{"self":[{"href":"https:\/\/grupotextil.es\/ca\/wp-json\/wp\/v2\/product\/228865","targetHints":{"allow":["GET"]}}],"collection":[{"href":"https:\/\/grupotextil.es\/ca\/wp-json\/wp\/v2\/product"}],"about":[{"href":"https:\/\/grupotextil.es\/ca\/wp-json\/wp\/v2\/types\/product"}],"replies":[{"embeddable":true,"href":"https:\/\/grupotextil.es\/ca\/wp-json\/wp\/v2\/comments?post=228865"}],"wp:featuredmedia":[{"embeddable":true,"href":"https:\/\/grupotextil.es\/ca\/wp-json\/wp\/v2\/media\/235930"}],"wp:attachment":[{"href":"https:\/\/grupotextil.es\/ca\/wp-json\/wp\/v2\/media?parent=228865"}],"wp:term":[{"taxonomy":"product_brand","embeddable":true,"href":"https:\/\/grupotextil.es\/ca\/wp-json\/wp\/v2\/product_brand?post=228865"},{"taxonomy":"product_cat","embeddable":true,"href":"https:\/\/grupotextil.es\/ca\/wp-json\/wp\/v2\/product_cat?post=228865"},{"taxonomy":"product_tag","embeddable":true,"href":"https:\/\/grupotextil.es\/ca\/wp-json\/wp\/v2\/product_tag?post=228865"}],"curies":[{"name":"wp","href":"https:\/\/api.w.org\/{rel}","templated":true}]}}