{"id":228871,"date":"2026-03-04T06:50:19","date_gmt":"2026-03-04T05:50:19","guid":{"rendered":"https:\/\/grupotextil.es\/producto\/7510-pantalon-corto\/"},"modified":"2026-04-19T04:06:52","modified_gmt":"2026-04-19T02:06:52","slug":"7510-pantalon-corto","status":"publish","type":"product","link":"https:\/\/grupotextil.es\/ca\/product\/7510-pantalon-corto\/","title":{"rendered":"7510 PANTAL\u00d3N CORTO"},"content":{"rendered":"<p>Pantalones cortos de trabajo con bolsillos laterales abiertos y bolsillos traseros de mayor anchura, en el lado izquierdo con solapa y cierre magn\u00e9tico. Bolsillos en pierna, en el lado izquierdo un amplio bolsillo con solapa y cierre magn\u00e9tico, un bolsillo interior para el m\u00f3vil y un soporte para sujetar la tarjeta de identificaci\u00f3n. En el lado derecho bolsillo para cinta m\u00e9trica y bolsillo para herramientas con bot\u00f3n para navaja. Tejido el\u00e1stico en el cuello y banda el\u00e1stica cosida en la cintura para mayor comodidad. Trabilla m\u00e1s ancha en la parte trasera para evitar la presi\u00f3n del cintur\u00f3n. Bot\u00f3n oculto en la parte delantera. Refuerzo de Cordura\u00ae en el bolsillo de la cinta m\u00e9trica y en los bolsillos traseros para una mayor durabilidad. Bolsillo para chip de lavander\u00eda en la costura lateral izquierda interior.<\/p>\n<p>Probado para lavado industrial seg\u00fan ISO 15797<\/p>\n<p>Mayor visibilidad EN 17353<\/p>\n<p>Se suministra en una bolsa compostable de base biol\u00f3gica<\/p>\n<p><strong>Composici\u00f3n:<\/strong> 63% poli\u00e9ster reciclado, 35% algod\u00f3n org\u00e1nico, 2% spandex &#8211; 245 g\/m2 Tejido 2: 100% nylon reciclado Cordura\u00ae Tejido 3: 90% poliamida reciclada, 10% spandex | <strong>Peso:<\/strong> 245 g\/m\u00b2 | <strong>Tallas:<\/strong> C44-C62<\/p>","protected":false},"excerpt":{"rendered":"<p>Pantalones cortos de trabajo con bolsillos laterales abiertos y bolsillos traseros de mayor anchura, en el lado izquierdo con solapa y cierre magn\u00e9tico. Bolsillos en pierna, en el lado izquierdo un amplio bolsillo con solapa y cierre magn\u00e9tico, un bo<\/p>","protected":false},"featured_media":235933,"comment_status":"open","ping_status":"closed","template":"","meta":{"_acf_changed":false},"product_brand":[10531],"product_cat":[13983],"product_tag":[],"class_list":{"0":"post-228871","1":"product","2":"type-product","3":"status-publish","4":"has-post-thumbnail","6":"product_brand-projob","7":"product_cat-h-pantalones","8":"tm-no-options","10":"first","11":"instock","12":"taxable","13":"shipping-taxable","14":"product-type-variable"},"acf":[],"_links":{"self":[{"href":"https:\/\/grupotextil.es\/ca\/wp-json\/wp\/v2\/product\/228871","targetHints":{"allow":["GET"]}}],"collection":[{"href":"https:\/\/grupotextil.es\/ca\/wp-json\/wp\/v2\/product"}],"about":[{"href":"https:\/\/grupotextil.es\/ca\/wp-json\/wp\/v2\/types\/product"}],"replies":[{"embeddable":true,"href":"https:\/\/grupotextil.es\/ca\/wp-json\/wp\/v2\/comments?post=228871"}],"wp:featuredmedia":[{"embeddable":true,"href":"https:\/\/grupotextil.es\/ca\/wp-json\/wp\/v2\/media\/235933"}],"wp:attachment":[{"href":"https:\/\/grupotextil.es\/ca\/wp-json\/wp\/v2\/media?parent=228871"}],"wp:term":[{"taxonomy":"product_brand","embeddable":true,"href":"https:\/\/grupotextil.es\/ca\/wp-json\/wp\/v2\/product_brand?post=228871"},{"taxonomy":"product_cat","embeddable":true,"href":"https:\/\/grupotextil.es\/ca\/wp-json\/wp\/v2\/product_cat?post=228871"},{"taxonomy":"product_tag","embeddable":true,"href":"https:\/\/grupotextil.es\/ca\/wp-json\/wp\/v2\/product_tag?post=228871"}],"curies":[{"name":"wp","href":"https:\/\/api.w.org\/{rel}","templated":true}]}}