{"id":228889,"date":"2026-03-04T06:50:32","date_gmt":"2026-03-04T05:50:32","guid":{"rendered":"https:\/\/grupotextil.es\/producto\/transit-45l-bag\/"},"modified":"2026-04-19T04:06:52","modified_gmt":"2026-04-19T02:06:52","slug":"transit-45l-bag","status":"publish","type":"product","link":"https:\/\/grupotextil.es\/ca\/product\/transit-45l-bag\/","title":{"rendered":"Transit 45L Bag"},"content":{"rendered":"<p>Bolsa con varios bolsillos pr\u00e1cticos perfecto para viajes de fin de semana. 45L.<\/p>\n<p>\u2022 Correas de mano, hombro y asas<\/p>\n<p>\u2022 Pr\u00e1cticos bolsillos laterales, uno para guardar zapatos<\/p>\n<p>\u2022 Bolsillo exterior grande para dispositivos<\/p>\n<p>\u2022 53x30x32 cm<\/p>\n<p><strong>Composici\u00f3n:<\/strong> Material 1: 100% Poli\u00e9ster con revestimiento PU. Material 2: 100% Poli\u00e9ster con revestimiento PU. Material 3: 100% Poli\u00e9ster con revestimiento PU | <strong>Tallas:<\/strong> UD<\/p>","protected":false},"excerpt":{"rendered":"<p>Bolsa con varios bolsillos pr\u00e1cticos perfecto para viajes de fin de semana. 45L.<\/p>","protected":false},"featured_media":235944,"comment_status":"open","ping_status":"closed","template":"","meta":{"_acf_changed":false},"product_brand":[10489],"product_cat":[15146],"product_tag":[],"class_list":{"0":"post-228889","1":"product","2":"type-product","3":"status-publish","4":"has-post-thumbnail","6":"product_brand-craft","7":"product_cat-bolsas","8":"tm-no-options","10":"first","11":"instock","12":"taxable","13":"shipping-taxable","14":"product-type-variable"},"acf":[],"_links":{"self":[{"href":"https:\/\/grupotextil.es\/ca\/wp-json\/wp\/v2\/product\/228889","targetHints":{"allow":["GET"]}}],"collection":[{"href":"https:\/\/grupotextil.es\/ca\/wp-json\/wp\/v2\/product"}],"about":[{"href":"https:\/\/grupotextil.es\/ca\/wp-json\/wp\/v2\/types\/product"}],"replies":[{"embeddable":true,"href":"https:\/\/grupotextil.es\/ca\/wp-json\/wp\/v2\/comments?post=228889"}],"wp:featuredmedia":[{"embeddable":true,"href":"https:\/\/grupotextil.es\/ca\/wp-json\/wp\/v2\/media\/235944"}],"wp:attachment":[{"href":"https:\/\/grupotextil.es\/ca\/wp-json\/wp\/v2\/media?parent=228889"}],"wp:term":[{"taxonomy":"product_brand","embeddable":true,"href":"https:\/\/grupotextil.es\/ca\/wp-json\/wp\/v2\/product_brand?post=228889"},{"taxonomy":"product_cat","embeddable":true,"href":"https:\/\/grupotextil.es\/ca\/wp-json\/wp\/v2\/product_cat?post=228889"},{"taxonomy":"product_tag","embeddable":true,"href":"https:\/\/grupotextil.es\/ca\/wp-json\/wp\/v2\/product_tag?post=228889"}],"curies":[{"name":"wp","href":"https:\/\/api.w.org\/{rel}","templated":true}]}}