{"id":229003,"date":"2026-03-04T06:51:56","date_gmt":"2026-03-04T05:51:56","guid":{"rendered":"https:\/\/grupotextil.es\/producto\/core-nordic-ski-club-fz-pants-m\/"},"modified":"2026-05-10T04:06:08","modified_gmt":"2026-05-10T02:06:08","slug":"core-nordic-ski-club-fz-pants-m","status":"publish","type":"product","link":"https:\/\/grupotextil.es\/ca\/product\/core-nordic-ski-club-fz-pants-m\/","title":{"rendered":"CORE Nordic Ski Club Fz Pants M"},"content":{"rendered":"<p>Pantalones softshell resistentes al viento y al agua con cremallera completa en los laterales dise\u00f1ados para todo tipo de entrenamiento al aire libre.<\/p>\n<p>\u2022 Cremallera completa unidireccional en la pierna<\/p>\n<p>\u2022 C\u00f3modo tejido el\u00e1stico resistente al viento y al agua de 3L<\/p>\n<p>\u2022 Rodillas pre-curvadas para un ajuste \u00f3ptimo<\/p>\n<p>\u2022 Cintura el\u00e1stica ajustable<\/p>\n<p>\u2022 El\u00e1stico en los extremos de las piernas para ajustarse perfectamente sobre las botas de esqu\u00ed<\/p>\n<p><strong>Composici\u00f3n:<\/strong> Cuerpo: Cara 100% poli\u00e9ster reciclado, Medio: 100% poliuretano, Espalda 100% poli\u00e9ster. Parte trasera inferior: 92% poli\u00e9ster reciclado, 8% elastano | <strong>Peso:<\/strong> 220 g\/m\u00b2 | <strong>Tallas:<\/strong> XXS-3XL<\/p>","protected":false},"excerpt":{"rendered":"<p>Pantalones softshell resistentes al viento y al agua con cremallera completa en los laterales dise\u00f1ados para todo tipo de entrenamiento al aire libre.<\/p>","protected":false},"featured_media":235993,"comment_status":"open","ping_status":"closed","template":"","meta":{"_acf_changed":false},"product_brand":[10489],"product_cat":[13983],"product_tag":[],"class_list":{"0":"post-229003","1":"product","2":"type-product","3":"status-publish","4":"has-post-thumbnail","6":"product_brand-craft","7":"product_cat-h-pantalones","8":"tm-no-options","10":"first","11":"instock","12":"taxable","13":"shipping-taxable","14":"product-type-variable"},"acf":[],"_links":{"self":[{"href":"https:\/\/grupotextil.es\/ca\/wp-json\/wp\/v2\/product\/229003","targetHints":{"allow":["GET"]}}],"collection":[{"href":"https:\/\/grupotextil.es\/ca\/wp-json\/wp\/v2\/product"}],"about":[{"href":"https:\/\/grupotextil.es\/ca\/wp-json\/wp\/v2\/types\/product"}],"replies":[{"embeddable":true,"href":"https:\/\/grupotextil.es\/ca\/wp-json\/wp\/v2\/comments?post=229003"}],"wp:featuredmedia":[{"embeddable":true,"href":"https:\/\/grupotextil.es\/ca\/wp-json\/wp\/v2\/media\/235993"}],"wp:attachment":[{"href":"https:\/\/grupotextil.es\/ca\/wp-json\/wp\/v2\/media?parent=229003"}],"wp:term":[{"taxonomy":"product_brand","embeddable":true,"href":"https:\/\/grupotextil.es\/ca\/wp-json\/wp\/v2\/product_brand?post=229003"},{"taxonomy":"product_cat","embeddable":true,"href":"https:\/\/grupotextil.es\/ca\/wp-json\/wp\/v2\/product_cat?post=229003"},{"taxonomy":"product_tag","embeddable":true,"href":"https:\/\/grupotextil.es\/ca\/wp-json\/wp\/v2\/product_tag?post=229003"}],"curies":[{"name":"wp","href":"https:\/\/api.w.org\/{rel}","templated":true}]}}