{"id":229220,"date":"2026-03-04T06:54:38","date_gmt":"2026-03-04T05:54:38","guid":{"rendered":"https:\/\/grupotextil.es\/producto\/adv-explore-light-down-vest-m\/"},"modified":"2026-04-19T04:06:54","modified_gmt":"2026-04-19T02:06:54","slug":"adv-explore-light-down-vest-m","status":"publish","type":"product","link":"https:\/\/grupotextil.es\/ca\/product\/adv-explore-light-down-vest-m\/","title":{"rendered":"ADV Explore Light Down Vest M"},"content":{"rendered":"<p>El chaleco de plum\u00f3n ADV Explore Light Down Vest es un chaleco ligero y plegable que ofrece un excelente aislamiento en los d\u00edas fr\u00edos. Dise\u00f1ado para una todo tipo de aventuras al aire libre, desde senderismo y acampada hasta esqu\u00ed y escalada.<\/p>\n<p>Este vers\u00e1til chaleco de plum\u00f3n cuenta con un ligero aislamiento de plum\u00f3n 90\/10 que ofrece una excepcional relaci\u00f3n calor-peso. Como resultado, tanto si te enfrentas a una fr\u00eda ma\u00f1ana de invierno como si haces senderismo por terrenos nevados, este chaleco te proporciona el aislamiento que necesitas para mantenerte abrigado y c\u00f3modo. Adem\u00e1s, el chaleco cuenta con un tejido exterior ripstop repelente al agua que proporciona una excelente funcionalidad y durabilidad. El chaleco tambi\u00e9n cuenta con dos bolsillos laterales con cremallera para guardar objetos personales de forma segura. Se guarda f\u00e1cilmente en su propio bolsillo lateral, en una bolsa o en una mochila, y funciona perfectamente como capa exterior o como capa intermedia en condiciones de fr\u00edo intenso.<\/p>\n<p>\u2022 Tejido exterior ripstop de poli\u00e9ster reciclado que repele el agua<\/p>\n<p>\u2022 Aislamiento de plum\u00f3n fino y ligero 90\/10<\/p>\n<p>\u2022 Dise\u00f1o acolchado<\/p>\n<p>\u2022 Mentonera de punto<\/p>\n<p>\u2022 Dos bolsillos laterales con cremallera<\/p>\n<p>\u2022 F\u00e1cil de plegar<\/p>\n<p>\u2022 Regular fit<\/p>\n<p><strong>Composici\u00f3n:<\/strong> Body 100% Polyamide-Recycled Padding 10% Feather 90% Down | <strong>Tallas:<\/strong> S-3XL<\/p>","protected":false},"excerpt":{"rendered":"<p>El chaleco de plum\u00f3n ADV Explore Light Down Vest es un chaleco ligero y plegable que ofrece un excelente aislamiento en los d\u00edas fr\u00edos. Dise\u00f1ado para una todo tipo de aventuras al aire libre, desde senderismo y acampada hasta esqu\u00ed y escalada.<\/p>","protected":false},"featured_media":236099,"comment_status":"open","ping_status":"closed","template":"","meta":{"_acf_changed":false},"product_brand":[10489],"product_cat":[13998],"product_tag":[],"class_list":{"0":"post-229220","1":"product","2":"type-product","3":"status-publish","4":"has-post-thumbnail","6":"product_brand-craft","7":"product_cat-n-chaquetas","8":"tm-no-options","10":"first","11":"instock","12":"taxable","13":"shipping-taxable","14":"product-type-variable"},"acf":[],"_links":{"self":[{"href":"https:\/\/grupotextil.es\/ca\/wp-json\/wp\/v2\/product\/229220","targetHints":{"allow":["GET"]}}],"collection":[{"href":"https:\/\/grupotextil.es\/ca\/wp-json\/wp\/v2\/product"}],"about":[{"href":"https:\/\/grupotextil.es\/ca\/wp-json\/wp\/v2\/types\/product"}],"replies":[{"embeddable":true,"href":"https:\/\/grupotextil.es\/ca\/wp-json\/wp\/v2\/comments?post=229220"}],"wp:featuredmedia":[{"embeddable":true,"href":"https:\/\/grupotextil.es\/ca\/wp-json\/wp\/v2\/media\/236099"}],"wp:attachment":[{"href":"https:\/\/grupotextil.es\/ca\/wp-json\/wp\/v2\/media?parent=229220"}],"wp:term":[{"taxonomy":"product_brand","embeddable":true,"href":"https:\/\/grupotextil.es\/ca\/wp-json\/wp\/v2\/product_brand?post=229220"},{"taxonomy":"product_cat","embeddable":true,"href":"https:\/\/grupotextil.es\/ca\/wp-json\/wp\/v2\/product_cat?post=229220"},{"taxonomy":"product_tag","embeddable":true,"href":"https:\/\/grupotextil.es\/ca\/wp-json\/wp\/v2\/product_tag?post=229220"}],"curies":[{"name":"wp","href":"https:\/\/api.w.org\/{rel}","templated":true}]}}