{"id":229222,"date":"2026-03-04T06:54:39","date_gmt":"2026-03-04T05:54:39","guid":{"rendered":"https:\/\/grupotextil.es\/producto\/explore-power-fleece-headband\/"},"modified":"2026-04-19T04:06:54","modified_gmt":"2026-04-19T02:06:54","slug":"explore-power-fleece-headband","status":"publish","type":"product","link":"https:\/\/grupotextil.es\/ca\/product\/explore-power-fleece-headband\/","title":{"rendered":"Explore Power Fleece Headband"},"content":{"rendered":"<p>La cinta para la cabeza Explore Power Fleece es un art\u00edculo supersuave y altamente aislante que constituye un complemento vers\u00e1til para el vestuario de cualquier entusiasta de las actividades al aire libre, ya que proporciona calidez y comodidad en las duras condiciones invernales.<\/p>\n<p>Esta funcional cinta para la cabeza est\u00e1 fabricada con un tejido polar el\u00e1stico con excepcionales propiedades de retenci\u00f3n del calor y transpirabilidad. El suave material polar atrapa el calor cerca del cuerpo al tiempo que permite la salida de la humedad y el sudor, manteniendo la cabeza y las orejas calientes y secas durante las actividades al aire libre en condiciones de fr\u00edo.<\/p>\n<p>\u2022 Forro polar suave y el\u00e1stico de poli\u00e9ster reciclado y elastano (245 g\/m\u00b2)<\/p>\n<p>\u2022 Parte trasera cepillada para mayor comodidad y con propiedades aislantes<\/p>\n<p>\u2022 Logotipo bordado en el centro de la parte delantera<\/p>\n<p>\u2022 Ajuste estrecho<\/p>\n<p><strong>Composici\u00f3n:<\/strong> 94% Poli\u00e9ster-Recycled, 6% Elastano | <strong>Tallas:<\/strong> S\/M-L\/XL<\/p>","protected":false},"excerpt":{"rendered":"<p>La cinta para la cabeza Explore Power Fleece es un art\u00edculo supersuave y altamente aislante que constituye un complemento vers\u00e1til para el vestuario de cualquier entusiasta de las actividades al aire libre, ya que proporciona calidez y comodidad en l<\/p>","protected":false},"featured_media":236101,"comment_status":"open","ping_status":"closed","template":"","meta":{"_acf_changed":false},"product_brand":[10489],"product_cat":[13948],"product_tag":[],"class_list":{"0":"post-229222","1":"product","2":"type-product","3":"status-publish","4":"has-post-thumbnail","6":"product_brand-craft","7":"product_cat-accesorios","8":"tm-no-options","10":"first","11":"instock","12":"taxable","13":"shipping-taxable","14":"product-type-variable"},"acf":[],"_links":{"self":[{"href":"https:\/\/grupotextil.es\/ca\/wp-json\/wp\/v2\/product\/229222","targetHints":{"allow":["GET"]}}],"collection":[{"href":"https:\/\/grupotextil.es\/ca\/wp-json\/wp\/v2\/product"}],"about":[{"href":"https:\/\/grupotextil.es\/ca\/wp-json\/wp\/v2\/types\/product"}],"replies":[{"embeddable":true,"href":"https:\/\/grupotextil.es\/ca\/wp-json\/wp\/v2\/comments?post=229222"}],"wp:featuredmedia":[{"embeddable":true,"href":"https:\/\/grupotextil.es\/ca\/wp-json\/wp\/v2\/media\/236101"}],"wp:attachment":[{"href":"https:\/\/grupotextil.es\/ca\/wp-json\/wp\/v2\/media?parent=229222"}],"wp:term":[{"taxonomy":"product_brand","embeddable":true,"href":"https:\/\/grupotextil.es\/ca\/wp-json\/wp\/v2\/product_brand?post=229222"},{"taxonomy":"product_cat","embeddable":true,"href":"https:\/\/grupotextil.es\/ca\/wp-json\/wp\/v2\/product_cat?post=229222"},{"taxonomy":"product_tag","embeddable":true,"href":"https:\/\/grupotextil.es\/ca\/wp-json\/wp\/v2\/product_tag?post=229222"}],"curies":[{"name":"wp","href":"https:\/\/api.w.org\/{rel}","templated":true}]}}