{"id":229235,"date":"2026-03-04T06:54:48","date_gmt":"2026-03-04T05:54:48","guid":{"rendered":"https:\/\/grupotextil.es\/producto\/6571-pantalon-elastico-clase-2\/"},"modified":"2026-04-26T04:05:46","modified_gmt":"2026-04-26T02:05:46","slug":"6571-pantalon-elastico-clase-2","status":"publish","type":"product","link":"https:\/\/grupotextil.es\/ca\/product\/6571-pantalon-elastico-clase-2\/","title":{"rendered":"6571 PANTAL\u00d3N EL\u00c1STICO CLASE 2"},"content":{"rendered":"<p>Pantal\u00f3n de cintura totalmente el\u00e1stico para una m\u00e1xima libertad de movimientos y comodidad. Corte moderno. El\u00e1stico en 4 direcciones sobre los muslos y el asiento, el\u00e1stico en 2 direcciones en la parte posterior de las rodillas y en la parte exterior de la parte inferior de la pierna. Aberturas de ventilaci\u00f3n con cremalleras a lo largo de ambos lados de las piernas con forro de malla, tambi\u00e9n ventilaci\u00f3n en la cintura. Bolsillos en las piernas, en el lado izquierdo bolsillo para herramientas y bol\u00edgrafos, bolsillo para m\u00f3vil con cierre de velcro y gancho para sujetar la tarjeta de identificaci\u00f3n. En el lado derecho bolsillo para cinta m\u00e9trica y bolsillo con bot\u00f3n para herramientas. Posibilidad de acoplar sistema MOLLE en ambos lados, tambi\u00e9n posibilidad de a\u00f1adir hammerloops mediante Velcro. Extremos de las piernas ajustables con cord\u00f3n. Rodillas precurvadas. Bolsillos internos para protectores de rodilla, ajustables a dos niveles de altura. Dobladillos de las piernas reforzados con Cordura\u00ae, rodillas reforzadas con Kevlar el\u00e1stico para mayor durabilidad y confort. Segmentos reflectantesd en 3M.<\/p>\n<p><strong>Composici\u00f3n:<\/strong> Tejido 1: 92% poli\u00e9ster, 8% spandex Tejido 2: 70% poliamida, 18% Kevlar, 12% elastano | <strong>Tallas:<\/strong> C44-D120<\/p>","protected":false},"excerpt":{"rendered":"<p>Pantal\u00f3n de cintura totalmente el\u00e1stico para una m\u00e1xima libertad de movimientos y comodidad. Corte moderno. El\u00e1stico en 4 direcciones sobre los muslos y el asiento, el\u00e1stico en 2 direcciones en la parte posterior de las rodillas y en la parte exterio<\/p>","protected":false},"featured_media":236111,"comment_status":"open","ping_status":"closed","template":"","meta":{"_acf_changed":false},"product_brand":[10531],"product_cat":[13983],"product_tag":[],"class_list":{"0":"post-229235","1":"product","2":"type-product","3":"status-publish","4":"has-post-thumbnail","6":"product_brand-projob","7":"product_cat-h-pantalones","8":"tm-no-options","10":"first","11":"instock","12":"taxable","13":"shipping-taxable","14":"product-type-variable"},"acf":[],"_links":{"self":[{"href":"https:\/\/grupotextil.es\/ca\/wp-json\/wp\/v2\/product\/229235","targetHints":{"allow":["GET"]}}],"collection":[{"href":"https:\/\/grupotextil.es\/ca\/wp-json\/wp\/v2\/product"}],"about":[{"href":"https:\/\/grupotextil.es\/ca\/wp-json\/wp\/v2\/types\/product"}],"replies":[{"embeddable":true,"href":"https:\/\/grupotextil.es\/ca\/wp-json\/wp\/v2\/comments?post=229235"}],"wp:featuredmedia":[{"embeddable":true,"href":"https:\/\/grupotextil.es\/ca\/wp-json\/wp\/v2\/media\/236111"}],"wp:attachment":[{"href":"https:\/\/grupotextil.es\/ca\/wp-json\/wp\/v2\/media?parent=229235"}],"wp:term":[{"taxonomy":"product_brand","embeddable":true,"href":"https:\/\/grupotextil.es\/ca\/wp-json\/wp\/v2\/product_brand?post=229235"},{"taxonomy":"product_cat","embeddable":true,"href":"https:\/\/grupotextil.es\/ca\/wp-json\/wp\/v2\/product_cat?post=229235"},{"taxonomy":"product_tag","embeddable":true,"href":"https:\/\/grupotextil.es\/ca\/wp-json\/wp\/v2\/product_tag?post=229235"}],"curies":[{"name":"wp","href":"https:\/\/api.w.org\/{rel}","templated":true}]}}