{"id":229307,"date":"2026-03-04T06:55:44","date_gmt":"2026-03-04T05:55:44","guid":{"rendered":"https:\/\/grupotextil.es\/producto\/pb49-jacquard-woman\/"},"modified":"2026-04-19T04:06:54","modified_gmt":"2026-04-19T02:06:54","slug":"pb49-jacquard-woman","status":"publish","type":"product","link":"https:\/\/grupotextil.es\/ca\/product\/pb49-jacquard-woman\/","title":{"rendered":"PB49 Jacquard Woman"},"content":{"rendered":"<p>Tejido jacquard con puntos en fondo de color marino para un look moderno y sofisticado. Puedes combinarla tanto con un traje completo o con tejanos para un look m\u00e1s informal.<\/p>\n<p>Tejido el\u00e1stico para un mayor comfort, su elasticidad mec\u00e1nica es una nueva manera de dar comodidad a un tejido 100% natural de algod\u00f3n proporcionando hasta un 12% de estiramiento. Y manteniendo al mismo tiempo su excelente rendimiento sin planchado, pura innovaci\u00f3n camisera.<\/p>\n<p><strong>Composici\u00f3n:<\/strong> Tela jaquard azul marino, tejida con micropuntos blancos. 100% algod\u00f3n compacto de grapa larga &#8211; doble 100. 130 g\/m\u00b2. Elasticidad mec\u00e1nica innovadora. Tratamiento medioambiental patentado Non-Iron. Costuras principales selladas. Manga larga. Suave pu\u00f1o redondo con ojal adicional para gemelos. Botones nacarados. | <strong>Peso:<\/strong> 128 g\/m\u00b2 | <strong>Tallas:<\/strong> XS-4XL<\/p>","protected":false},"excerpt":{"rendered":"<p>Tejido jacquard con puntos en fondo de color marino para un look moderno y sofisticado. Puedes combinarla tanto con un traje completo o con tejanos para un look m\u00e1s informal.<\/p>","protected":false},"featured_media":236145,"comment_status":"open","ping_status":"closed","template":"","meta":{"_acf_changed":false},"product_brand":[10563],"product_cat":[13995],"product_tag":[],"class_list":{"0":"post-229307","1":"product","2":"type-product","3":"status-publish","4":"has-post-thumbnail","6":"product_brand-j-harvest-frost","7":"product_cat-n-camisetas","8":"tm-no-options","10":"first","11":"instock","12":"taxable","13":"shipping-taxable","14":"product-type-variable"},"acf":[],"_links":{"self":[{"href":"https:\/\/grupotextil.es\/ca\/wp-json\/wp\/v2\/product\/229307","targetHints":{"allow":["GET"]}}],"collection":[{"href":"https:\/\/grupotextil.es\/ca\/wp-json\/wp\/v2\/product"}],"about":[{"href":"https:\/\/grupotextil.es\/ca\/wp-json\/wp\/v2\/types\/product"}],"replies":[{"embeddable":true,"href":"https:\/\/grupotextil.es\/ca\/wp-json\/wp\/v2\/comments?post=229307"}],"wp:featuredmedia":[{"embeddable":true,"href":"https:\/\/grupotextil.es\/ca\/wp-json\/wp\/v2\/media\/236145"}],"wp:attachment":[{"href":"https:\/\/grupotextil.es\/ca\/wp-json\/wp\/v2\/media?parent=229307"}],"wp:term":[{"taxonomy":"product_brand","embeddable":true,"href":"https:\/\/grupotextil.es\/ca\/wp-json\/wp\/v2\/product_brand?post=229307"},{"taxonomy":"product_cat","embeddable":true,"href":"https:\/\/grupotextil.es\/ca\/wp-json\/wp\/v2\/product_cat?post=229307"},{"taxonomy":"product_tag","embeddable":true,"href":"https:\/\/grupotextil.es\/ca\/wp-json\/wp\/v2\/product_tag?post=229307"}],"curies":[{"name":"wp","href":"https:\/\/api.w.org\/{rel}","templated":true}]}}