{"id":229365,"date":"2026-03-04T06:56:28","date_gmt":"2026-03-04T05:56:28","guid":{"rendered":"https:\/\/grupotextil.es\/producto\/explore-padded-glove\/"},"modified":"2026-04-26T04:05:47","modified_gmt":"2026-04-26T02:05:47","slug":"explore-padded-glove","status":"publish","type":"product","link":"https:\/\/grupotextil.es\/ca\/product\/explore-padded-glove\/","title":{"rendered":"Explore Padded Glove"},"content":{"rendered":"<p>El guante acolchado Explore incorpora aislamiento PrimaLoft y un tejido exterior repelente al agua, lo que garantiza una calidez y una protecci\u00f3n excepcionales en condiciones de fr\u00edo y nieve. Las palmas y los dedos reforzados proporcionan una mayor durabilidad, mientras que un ajustador de velcro en la mu\u00f1eca ofrece un ajuste seguro y c\u00f3modo. Una gran elecci\u00f3n tanto para el uso diario como para aventuras de varios d\u00edas al aire libre.<\/p>\n<p>\u2022 Tejido exterior repelente al agua<\/p>\n<p>\u2022 Aislamiento PrimaLoft<\/p>\n<p>\u2022 Palma y dedos reforzados<\/p>\n<p>\u2022 Cierre de velcro<\/p>\n<p><strong>Composici\u00f3n:<\/strong> Backhand 100% Poli\u00e9ster reciclado, Palm 100% Poliuretano, Lining 100% Poli\u00e9ster, Padding 100% Poli\u00e9ster reciclado, Membrane 100% Poliuretano | <strong>Tallas:<\/strong> 6\/XXS-12\/XL<\/p>","protected":false},"excerpt":{"rendered":"<p>El guante acolchado Explore incorpora aislamiento PrimaLoft y un tejido exterior repelente al agua, lo que garantiza una calidez y una protecci\u00f3n excepcionales en condiciones de fr\u00edo y nieve. Las palmas y los dedos reforzados proporcionan una mayor d<\/p>","protected":false},"featured_media":236173,"comment_status":"open","ping_status":"closed","template":"","meta":{"_acf_changed":false},"product_brand":[10489],"product_cat":[15147],"product_tag":[],"class_list":{"0":"post-229365","1":"product","2":"type-product","3":"status-publish","4":"has-post-thumbnail","6":"product_brand-craft","7":"product_cat-new-wave","8":"tm-no-options","10":"first","11":"instock","12":"taxable","13":"shipping-taxable","14":"product-type-variable"},"acf":[],"_links":{"self":[{"href":"https:\/\/grupotextil.es\/ca\/wp-json\/wp\/v2\/product\/229365","targetHints":{"allow":["GET"]}}],"collection":[{"href":"https:\/\/grupotextil.es\/ca\/wp-json\/wp\/v2\/product"}],"about":[{"href":"https:\/\/grupotextil.es\/ca\/wp-json\/wp\/v2\/types\/product"}],"replies":[{"embeddable":true,"href":"https:\/\/grupotextil.es\/ca\/wp-json\/wp\/v2\/comments?post=229365"}],"wp:featuredmedia":[{"embeddable":true,"href":"https:\/\/grupotextil.es\/ca\/wp-json\/wp\/v2\/media\/236173"}],"wp:attachment":[{"href":"https:\/\/grupotextil.es\/ca\/wp-json\/wp\/v2\/media?parent=229365"}],"wp:term":[{"taxonomy":"product_brand","embeddable":true,"href":"https:\/\/grupotextil.es\/ca\/wp-json\/wp\/v2\/product_brand?post=229365"},{"taxonomy":"product_cat","embeddable":true,"href":"https:\/\/grupotextil.es\/ca\/wp-json\/wp\/v2\/product_cat?post=229365"},{"taxonomy":"product_tag","embeddable":true,"href":"https:\/\/grupotextil.es\/ca\/wp-json\/wp\/v2\/product_tag?post=229365"}],"curies":[{"name":"wp","href":"https:\/\/api.w.org\/{rel}","templated":true}]}}