{"id":229408,"date":"2026-03-04T06:56:59","date_gmt":"2026-03-04T05:56:59","guid":{"rendered":"https:\/\/grupotextil.es\/producto\/essence-short-tights-3-w\/"},"modified":"2026-04-19T04:06:55","modified_gmt":"2026-04-19T02:06:55","slug":"essence-short-tights-3-w","status":"publish","type":"product","link":"https:\/\/grupotextil.es\/ca\/product\/essence-short-tights-3-w\/","title":{"rendered":"Essence Short Tights 3 W"},"content":{"rendered":"<p>Las mallas cortas ADV Essence 3 son mallas de entrenamiento cortas muy funcionales dise\u00f1adas para una amplia gama de entrenamientos, desde carreras intensas hasta clases de gimnasia y entrenamiento de fuerza.<\/p>\n<p>Estas mallas vers\u00e1tiles est\u00e1n confeccionadas con un tejido punto funcional de poliamida reciclada y elastano, que ofrece una excepcional gesti\u00f3n de la temperatura corporal, una gran elasticidad y una eficaz recuperaci\u00f3n. Adem\u00e1s, las mallas vienen con una cintura ancha con cord\u00f3n ajustable para un ajuste y una comodidad \u00f3ptimos. Dos grandes bolsillos exteriores en las perneras permiten guardar c\u00f3modamente el tel\u00e9fono, barritas energ\u00e9ticas y otros objetos esenciales.<\/p>\n<p>\u2022 Tejido el\u00e1stico confeccionado con poliamida y elastano reciclados<\/p>\n<p>\u2022 Cintura el\u00e1stica ancha con cord\u00f3n de ajuste<\/p>\n<p>\u2022 Dos grandes bolsillos en las piernas<\/p>\n<p>\u2022 Cintura media-alta<\/p>\n<p><strong>Composici\u00f3n:<\/strong> Main 75% Polyamide Recycled, 25% Elastane, Lining 82% Polyamide Recycled, 18% Elastane | <strong>Tallas:<\/strong> XS-XXL<\/p>","protected":false},"excerpt":{"rendered":"<p>Las mallas cortas ADV Essence 3 son mallas de entrenamiento cortas muy funcionales dise\u00f1adas para una amplia gama de entrenamientos, desde carreras intensas hasta clases de gimnasia y entrenamiento de fuerza.<\/p>","protected":false},"featured_media":236186,"comment_status":"open","ping_status":"closed","template":"","meta":{"_acf_changed":false},"product_brand":[10489],"product_cat":[15147],"product_tag":[],"class_list":{"0":"post-229408","1":"product","2":"type-product","3":"status-publish","4":"has-post-thumbnail","6":"product_brand-craft","7":"product_cat-new-wave","8":"tm-no-options","10":"first","11":"instock","12":"taxable","13":"shipping-taxable","14":"product-type-variable"},"acf":[],"_links":{"self":[{"href":"https:\/\/grupotextil.es\/ca\/wp-json\/wp\/v2\/product\/229408","targetHints":{"allow":["GET"]}}],"collection":[{"href":"https:\/\/grupotextil.es\/ca\/wp-json\/wp\/v2\/product"}],"about":[{"href":"https:\/\/grupotextil.es\/ca\/wp-json\/wp\/v2\/types\/product"}],"replies":[{"embeddable":true,"href":"https:\/\/grupotextil.es\/ca\/wp-json\/wp\/v2\/comments?post=229408"}],"wp:featuredmedia":[{"embeddable":true,"href":"https:\/\/grupotextil.es\/ca\/wp-json\/wp\/v2\/media\/236186"}],"wp:attachment":[{"href":"https:\/\/grupotextil.es\/ca\/wp-json\/wp\/v2\/media?parent=229408"}],"wp:term":[{"taxonomy":"product_brand","embeddable":true,"href":"https:\/\/grupotextil.es\/ca\/wp-json\/wp\/v2\/product_brand?post=229408"},{"taxonomy":"product_cat","embeddable":true,"href":"https:\/\/grupotextil.es\/ca\/wp-json\/wp\/v2\/product_cat?post=229408"},{"taxonomy":"product_tag","embeddable":true,"href":"https:\/\/grupotextil.es\/ca\/wp-json\/wp\/v2\/product_tag?post=229408"}],"curies":[{"name":"wp","href":"https:\/\/api.w.org\/{rel}","templated":true}]}}