{"id":229411,"date":"2026-03-04T06:57:01","date_gmt":"2026-03-04T05:57:01","guid":{"rendered":"https:\/\/grupotextil.es\/producto\/urban-fleece-jacket-m\/"},"modified":"2026-04-19T04:06:55","modified_gmt":"2026-04-19T02:06:55","slug":"urban-fleece-jacket-m","status":"publish","type":"product","link":"https:\/\/grupotextil.es\/ca\/product\/urban-fleece-jacket-m\/","title":{"rendered":"Urban Fleece Jacket M"},"content":{"rendered":"<p>La chaqueta Urban Fleece es una prenda c\u00e1lida, resistente e inspirada en la ropa de trabajo que se adapta perfectamente al lugar de trabajo y a las salidas informales diarias.<\/p>\n<p>Confeccionada con un tejido polar de alto gramaje y reforzada con duraderos paneles de poliamida en el canes\u00fa delantero y trasero, esta vers\u00e1til chaqueta est\u00e1 hecha para soportar condiciones exigentes sin renunciar a la comodidad. Dise\u00f1ada para ser funcional, cuenta con dos bolsillos delanteros con cremallera y un bolsillo en el pecho con cierre de solapa para facilitar el acceso a lo esencial. Adem\u00e1s, su silueta estilizada y su dise\u00f1o limpio lo hacen perfecto para personalizarlo con logotipos de clubes, patrocinadores o empresas.<\/p>\n<p>\u2022 Tejido polar grueso de poli\u00e9ster\/poliamida reciclada y elastano<\/p>\n<p>\u2022 Interior blando<\/p>\n<p>\u2022 Dos bolsillos con cremallera<\/p>\n<p>\u2022 Bolsillo en el pecho con cierre de solapa<\/p>\n<p>\u2022 Ajuste regular<\/p>\n<p><strong>Composici\u00f3n:<\/strong> Main 100% Polyester Recycled, Upper Body 92% Polyamide Recycled, 8% Elastane | <strong>Tallas:<\/strong> S-4XL<\/p>","protected":false},"excerpt":{"rendered":"<p>La chaqueta Urban Fleece es una prenda c\u00e1lida, resistente e inspirada en la ropa de trabajo que se adapta perfectamente al lugar de trabajo y a las salidas informales diarias.<\/p>","protected":false},"featured_media":236187,"comment_status":"open","ping_status":"closed","template":"","meta":{"_acf_changed":false},"product_brand":[10489],"product_cat":[15147],"product_tag":[],"class_list":{"0":"post-229411","1":"product","2":"type-product","3":"status-publish","4":"has-post-thumbnail","6":"product_brand-craft","7":"product_cat-new-wave","8":"tm-no-options","10":"first","11":"instock","12":"taxable","13":"shipping-taxable","14":"product-type-variable"},"acf":[],"_links":{"self":[{"href":"https:\/\/grupotextil.es\/ca\/wp-json\/wp\/v2\/product\/229411","targetHints":{"allow":["GET"]}}],"collection":[{"href":"https:\/\/grupotextil.es\/ca\/wp-json\/wp\/v2\/product"}],"about":[{"href":"https:\/\/grupotextil.es\/ca\/wp-json\/wp\/v2\/types\/product"}],"replies":[{"embeddable":true,"href":"https:\/\/grupotextil.es\/ca\/wp-json\/wp\/v2\/comments?post=229411"}],"wp:featuredmedia":[{"embeddable":true,"href":"https:\/\/grupotextil.es\/ca\/wp-json\/wp\/v2\/media\/236187"}],"wp:attachment":[{"href":"https:\/\/grupotextil.es\/ca\/wp-json\/wp\/v2\/media?parent=229411"}],"wp:term":[{"taxonomy":"product_brand","embeddable":true,"href":"https:\/\/grupotextil.es\/ca\/wp-json\/wp\/v2\/product_brand?post=229411"},{"taxonomy":"product_cat","embeddable":true,"href":"https:\/\/grupotextil.es\/ca\/wp-json\/wp\/v2\/product_cat?post=229411"},{"taxonomy":"product_tag","embeddable":true,"href":"https:\/\/grupotextil.es\/ca\/wp-json\/wp\/v2\/product_tag?post=229411"}],"curies":[{"name":"wp","href":"https:\/\/api.w.org\/{rel}","templated":true}]}}