{"id":229427,"date":"2026-03-04T06:57:12","date_gmt":"2026-03-04T05:57:12","guid":{"rendered":"https:\/\/grupotextil.es\/producto\/adv-unify-fz-hood-w\/"},"modified":"2026-04-19T04:06:55","modified_gmt":"2026-04-19T02:06:55","slug":"adv-unify-fz-hood-w","status":"publish","type":"product","link":"https:\/\/grupotextil.es\/ca\/product\/adv-unify-fz-hood-w\/","title":{"rendered":"ADV Unify Fz Hood W"},"content":{"rendered":"<p>Chaqueta c\u00f3moda con capucha hecha de poli\u00e9ster reciclado suave, el\u00e1stico y funcional. Dos bolsillos.<\/p>\n<p>\u2022 Chaqueta c\u00f3moda con capucha<\/p>\n<p>\u2022 Tejido de poli\u00e9ster reciclado suave y funcional<\/p>\n<p>\u2022 Ajuste ergon\u00f3mico y el\u00e1stico<\/p>\n<p>\u2022 Capucha con cord\u00f3n de ajuste<\/p>\n<p>\u2022 Dos bolsillos<\/p>\n<p><strong>Composici\u00f3n:<\/strong> Colores s\u00f3lidos: 100% Poli\u00e9ster reciclado. Colores marengo: 60% Poli\u00e9ster reciclado 40% Poli\u00e9ster | <strong>Tallas:<\/strong> XS-XXL<\/p>","protected":false},"excerpt":{"rendered":"<p>Chaqueta c\u00f3moda con capucha hecha de poli\u00e9ster reciclado suave, el\u00e1stico y funcional. Dos bolsillos.<\/p>","protected":false},"featured_media":236193,"comment_status":"open","ping_status":"closed","template":"","meta":{"_acf_changed":false},"product_brand":[10489],"product_cat":[15147],"product_tag":[],"class_list":{"0":"post-229427","1":"product","2":"type-product","3":"status-publish","4":"has-post-thumbnail","6":"product_brand-craft","7":"product_cat-new-wave","8":"tm-no-options","10":"first","11":"instock","12":"taxable","13":"shipping-taxable","14":"product-type-variable"},"acf":[],"_links":{"self":[{"href":"https:\/\/grupotextil.es\/ca\/wp-json\/wp\/v2\/product\/229427","targetHints":{"allow":["GET"]}}],"collection":[{"href":"https:\/\/grupotextil.es\/ca\/wp-json\/wp\/v2\/product"}],"about":[{"href":"https:\/\/grupotextil.es\/ca\/wp-json\/wp\/v2\/types\/product"}],"replies":[{"embeddable":true,"href":"https:\/\/grupotextil.es\/ca\/wp-json\/wp\/v2\/comments?post=229427"}],"wp:featuredmedia":[{"embeddable":true,"href":"https:\/\/grupotextil.es\/ca\/wp-json\/wp\/v2\/media\/236193"}],"wp:attachment":[{"href":"https:\/\/grupotextil.es\/ca\/wp-json\/wp\/v2\/media?parent=229427"}],"wp:term":[{"taxonomy":"product_brand","embeddable":true,"href":"https:\/\/grupotextil.es\/ca\/wp-json\/wp\/v2\/product_brand?post=229427"},{"taxonomy":"product_cat","embeddable":true,"href":"https:\/\/grupotextil.es\/ca\/wp-json\/wp\/v2\/product_cat?post=229427"},{"taxonomy":"product_tag","embeddable":true,"href":"https:\/\/grupotextil.es\/ca\/wp-json\/wp\/v2\/product_tag?post=229427"}],"curies":[{"name":"wp","href":"https:\/\/api.w.org\/{rel}","templated":true}]}}