{"id":229493,"date":"2026-03-04T06:57:57","date_gmt":"2026-03-04T05:57:57","guid":{"rendered":"https:\/\/grupotextil.es\/producto\/pb142-oxford-slim\/"},"modified":"2026-04-19T04:06:55","modified_gmt":"2026-04-19T02:06:55","slug":"pb142-oxford-slim","status":"publish","type":"product","link":"https:\/\/grupotextil.es\/ca\/product\/pb142-oxford-slim\/","title":{"rendered":"PB142 Oxford Slim"},"content":{"rendered":"<p>Sofisticado tejido oxford a dos tonos con un 20% de elasticidad en trama que la hace suave, s\u00faper c\u00f3moda y Non Iron a su vez. Un cl\u00e1sico en su armario y nuestra mejor apuesta por vestir casual y formal a la vez.<\/p>\n<p><strong>Composici\u00f3n:<\/strong> Tejido Oxford. Color en 2 tonos. Tejido el\u00e1stico. 96% Algod\u00f3n compacto de 2 capas, 4% el\u00e1stico. Tratamiento medioambiental patentado Non-Iron. Costuras principales selladas. Manga larga. Pu\u00f1o con borde redondeado y ojal adicional para gemelos. Botones de 4 mm de grosor. | <strong>Peso:<\/strong> 147 g\/m\u00b2 | <strong>Tallas:<\/strong> XS-XXL<\/p>","protected":false},"excerpt":{"rendered":"<p>Sofisticado tejido oxford a dos tonos con un 20% de elasticidad en trama que la hace suave, s\u00faper c\u00f3moda y Non Iron a su vez. Un cl\u00e1sico en su armario y nuestra mejor apuesta por vestir casual y formal a la vez.<\/p>","protected":false},"featured_media":236218,"comment_status":"open","ping_status":"closed","template":"","meta":{"_acf_changed":false},"product_brand":[10563],"product_cat":[13995],"product_tag":[],"class_list":{"0":"post-229493","1":"product","2":"type-product","3":"status-publish","4":"has-post-thumbnail","6":"product_brand-j-harvest-frost","7":"product_cat-n-camisetas","8":"tm-no-options","10":"first","11":"instock","12":"taxable","13":"shipping-taxable","14":"product-type-variable"},"acf":[],"_links":{"self":[{"href":"https:\/\/grupotextil.es\/ca\/wp-json\/wp\/v2\/product\/229493","targetHints":{"allow":["GET"]}}],"collection":[{"href":"https:\/\/grupotextil.es\/ca\/wp-json\/wp\/v2\/product"}],"about":[{"href":"https:\/\/grupotextil.es\/ca\/wp-json\/wp\/v2\/types\/product"}],"replies":[{"embeddable":true,"href":"https:\/\/grupotextil.es\/ca\/wp-json\/wp\/v2\/comments?post=229493"}],"wp:featuredmedia":[{"embeddable":true,"href":"https:\/\/grupotextil.es\/ca\/wp-json\/wp\/v2\/media\/236218"}],"wp:attachment":[{"href":"https:\/\/grupotextil.es\/ca\/wp-json\/wp\/v2\/media?parent=229493"}],"wp:term":[{"taxonomy":"product_brand","embeddable":true,"href":"https:\/\/grupotextil.es\/ca\/wp-json\/wp\/v2\/product_brand?post=229493"},{"taxonomy":"product_cat","embeddable":true,"href":"https:\/\/grupotextil.es\/ca\/wp-json\/wp\/v2\/product_cat?post=229493"},{"taxonomy":"product_tag","embeddable":true,"href":"https:\/\/grupotextil.es\/ca\/wp-json\/wp\/v2\/product_tag?post=229493"}],"curies":[{"name":"wp","href":"https:\/\/api.w.org\/{rel}","templated":true}]}}