{"id":229631,"date":"2026-03-04T06:59:17","date_gmt":"2026-03-04T05:59:17","guid":{"rendered":"https:\/\/grupotextil.es\/producto\/javelin-rsx\/"},"modified":"2026-04-19T04:06:56","modified_gmt":"2026-04-19T02:06:56","slug":"javelin-rsx","status":"publish","type":"product","link":"https:\/\/grupotextil.es\/ca\/product\/javelin-rsx\/","title":{"rendered":"Javelin RSX"},"content":{"rendered":"<p>Chaqueta sudadera con cuello. Canal\u00e9 2&#215;2 en mangas y cintura.<\/p>\n<p><strong>Composici\u00f3n:<\/strong> 60% Algod\u00f3n, 40% poli\u00e9ster, interior afelpado, (120 gris marengo: 85% Algod\u00f3n, 15% Viscosa).280 g\/m\u00b2 | <strong>Peso:<\/strong> 280 g\/m\u00b2 | <strong>Tallas:<\/strong> S-5XL<\/p>","protected":false},"excerpt":{"rendered":"<p>Chaqueta sudadera con cuello. Canal\u00e9 2&#215;2 en mangas y cintura.<\/p>","protected":false},"featured_media":236281,"comment_status":"open","ping_status":"closed","template":"","meta":{"_acf_changed":false},"product_brand":[10522],"product_cat":[15147],"product_tag":[],"class_list":{"0":"post-229631","1":"product","2":"type-product","3":"status-publish","4":"has-post-thumbnail","6":"product_brand-printer","7":"product_cat-new-wave","8":"tm-no-options","10":"first","11":"instock","12":"taxable","13":"shipping-taxable","14":"product-type-variable"},"acf":[],"_links":{"self":[{"href":"https:\/\/grupotextil.es\/ca\/wp-json\/wp\/v2\/product\/229631","targetHints":{"allow":["GET"]}}],"collection":[{"href":"https:\/\/grupotextil.es\/ca\/wp-json\/wp\/v2\/product"}],"about":[{"href":"https:\/\/grupotextil.es\/ca\/wp-json\/wp\/v2\/types\/product"}],"replies":[{"embeddable":true,"href":"https:\/\/grupotextil.es\/ca\/wp-json\/wp\/v2\/comments?post=229631"}],"wp:featuredmedia":[{"embeddable":true,"href":"https:\/\/grupotextil.es\/ca\/wp-json\/wp\/v2\/media\/236281"}],"wp:attachment":[{"href":"https:\/\/grupotextil.es\/ca\/wp-json\/wp\/v2\/media?parent=229631"}],"wp:term":[{"taxonomy":"product_brand","embeddable":true,"href":"https:\/\/grupotextil.es\/ca\/wp-json\/wp\/v2\/product_brand?post=229631"},{"taxonomy":"product_cat","embeddable":true,"href":"https:\/\/grupotextil.es\/ca\/wp-json\/wp\/v2\/product_cat?post=229631"},{"taxonomy":"product_tag","embeddable":true,"href":"https:\/\/grupotextil.es\/ca\/wp-json\/wp\/v2\/product_tag?post=229631"}],"curies":[{"name":"wp","href":"https:\/\/api.w.org\/{rel}","templated":true}]}}