{"id":229645,"date":"2026-03-04T06:59:25","date_gmt":"2026-03-04T05:59:25","guid":{"rendered":"https:\/\/grupotextil.es\/producto\/pb143-twill-regular\/"},"modified":"2026-04-19T04:06:56","modified_gmt":"2026-04-19T02:06:56","slug":"pb143-twill-regular","status":"publish","type":"product","link":"https:\/\/grupotextil.es\/ca\/product\/pb143-twill-regular\/","title":{"rendered":"PB143 Twill Regular"},"content":{"rendered":"<p>Camisa discreta a la par que atrevida con estampado paisley de color \u00edndigo. P\u00f3ntela con o sin corbata, de cualquier forma te permitir\u00e1 estar c\u00f3modo y elegante todo el d\u00eda gracias a nuestro famoso Non Iron y su elasticidad natural.<\/p>\n<p>Innovaci\u00f3n y elegancia van de la mano!<\/p>\n<p><strong>Composici\u00f3n:<\/strong> Sarga fina, paisley de dos tonos de color \u00edndigo. 100% algod\u00f3n, elasticidad natural.  Manga larga. Suave pu\u00f1o de borde redondo. Ojal adicional para gemelos. Botones de 4 mm de grosor. | <strong>Peso:<\/strong> 122 g\/m\u00b2 | <strong>Tallas:<\/strong> S-4XL<\/p>","protected":false},"excerpt":{"rendered":"<p>Camisa discreta a la par que atrevida con estampado paisley de color \u00edndigo. P\u00f3ntela con o sin corbata, de cualquier forma te permitir\u00e1 estar c\u00f3modo y elegante todo el d\u00eda gracias a nuestro famoso Non Iron y su elasticidad natural.<\/p>","protected":false},"featured_media":236285,"comment_status":"open","ping_status":"closed","template":"","meta":{"_acf_changed":false},"product_brand":[10563],"product_cat":[13995],"product_tag":[],"class_list":{"0":"post-229645","1":"product","2":"type-product","3":"status-publish","4":"has-post-thumbnail","6":"product_brand-j-harvest-frost","7":"product_cat-n-camisetas","8":"tm-no-options","10":"first","11":"instock","12":"taxable","13":"shipping-taxable","14":"product-type-variable"},"acf":[],"_links":{"self":[{"href":"https:\/\/grupotextil.es\/ca\/wp-json\/wp\/v2\/product\/229645","targetHints":{"allow":["GET"]}}],"collection":[{"href":"https:\/\/grupotextil.es\/ca\/wp-json\/wp\/v2\/product"}],"about":[{"href":"https:\/\/grupotextil.es\/ca\/wp-json\/wp\/v2\/types\/product"}],"replies":[{"embeddable":true,"href":"https:\/\/grupotextil.es\/ca\/wp-json\/wp\/v2\/comments?post=229645"}],"wp:featuredmedia":[{"embeddable":true,"href":"https:\/\/grupotextil.es\/ca\/wp-json\/wp\/v2\/media\/236285"}],"wp:attachment":[{"href":"https:\/\/grupotextil.es\/ca\/wp-json\/wp\/v2\/media?parent=229645"}],"wp:term":[{"taxonomy":"product_brand","embeddable":true,"href":"https:\/\/grupotextil.es\/ca\/wp-json\/wp\/v2\/product_brand?post=229645"},{"taxonomy":"product_cat","embeddable":true,"href":"https:\/\/grupotextil.es\/ca\/wp-json\/wp\/v2\/product_cat?post=229645"},{"taxonomy":"product_tag","embeddable":true,"href":"https:\/\/grupotextil.es\/ca\/wp-json\/wp\/v2\/product_tag?post=229645"}],"curies":[{"name":"wp","href":"https:\/\/api.w.org\/{rel}","templated":true}]}}