{"id":229681,"date":"2026-03-04T06:59:47","date_gmt":"2026-03-04T05:59:47","guid":{"rendered":"https:\/\/grupotextil.es\/producto\/adv-join-rn-sweatshirt-m\/"},"modified":"2026-04-19T04:06:56","modified_gmt":"2026-04-19T02:06:56","slug":"adv-join-rn-sweatshirt-m","status":"publish","type":"product","link":"https:\/\/grupotextil.es\/ca\/product\/adv-join-rn-sweatshirt-m\/","title":{"rendered":"ADV Join Rn Sweatshirt M"},"content":{"rendered":"<p>La sudadera ADV Join RN Sweatshirt es muy c\u00f3moda y presenta una expresi\u00f3n limpia y suave dise\u00f1ada para el uso diario.<\/p>\n<p>Esta elegante sudadera est\u00e1 confeccionada en tejido de primera calidad, con un exterior de algod\u00f3n terso y un interior de poli\u00e9ster suave. El resultado es una prenda muy c\u00f3moda que llama la atenci\u00f3n tanto de camino al gimnasio como durante los momentos de relax en casa. Haciendo gala de un dise\u00f1o escandinavo y minimalista, esta sudadera es perfecta para combinar con multitud de prendas deportivas y de entrenamiento. El logotipo bordado contribuye a la sensaci\u00f3n de calidad que transmite esta prenda.<\/p>\n<p>\u2022 Punto de algod\u00f3n y poli\u00e9ster suave y denso (320\u00a0g\/m\u00b2)<\/p>\n<p>\u2022 Exterior de algod\u00f3n e interior de poli\u00e9ster<\/p>\n<p>\u2022 Logotipo bordado en la manga izquierda<\/p>\n<p>\u2022 Cuello redondo<\/p>\n<p>\u2022 Regular fit<\/p>\n<p><strong>Composici\u00f3n:<\/strong> Solid colors: 51% Polyester-Recycled, 46% Cotton, 3% Elastane. Melange colors: 44% Polyester-Recycled, 53% Cotton, 3% Elastane. | <strong>Peso:<\/strong> 320 g\/m2 | <strong>Tallas:<\/strong> XS-4XL<\/p>","protected":false},"excerpt":{"rendered":"<p>La sudadera ADV Join RN Sweatshirt es muy c\u00f3moda y presenta una expresi\u00f3n limpia y suave dise\u00f1ada para el uso diario.<\/p>","protected":false},"featured_media":236304,"comment_status":"open","ping_status":"closed","template":"","meta":{"_acf_changed":false},"product_brand":[10489],"product_cat":[15147],"product_tag":[],"class_list":{"0":"post-229681","1":"product","2":"type-product","3":"status-publish","4":"has-post-thumbnail","6":"product_brand-craft","7":"product_cat-new-wave","8":"tm-no-options","10":"first","11":"instock","12":"taxable","13":"shipping-taxable","14":"product-type-variable"},"acf":[],"_links":{"self":[{"href":"https:\/\/grupotextil.es\/ca\/wp-json\/wp\/v2\/product\/229681","targetHints":{"allow":["GET"]}}],"collection":[{"href":"https:\/\/grupotextil.es\/ca\/wp-json\/wp\/v2\/product"}],"about":[{"href":"https:\/\/grupotextil.es\/ca\/wp-json\/wp\/v2\/types\/product"}],"replies":[{"embeddable":true,"href":"https:\/\/grupotextil.es\/ca\/wp-json\/wp\/v2\/comments?post=229681"}],"wp:featuredmedia":[{"embeddable":true,"href":"https:\/\/grupotextil.es\/ca\/wp-json\/wp\/v2\/media\/236304"}],"wp:attachment":[{"href":"https:\/\/grupotextil.es\/ca\/wp-json\/wp\/v2\/media?parent=229681"}],"wp:term":[{"taxonomy":"product_brand","embeddable":true,"href":"https:\/\/grupotextil.es\/ca\/wp-json\/wp\/v2\/product_brand?post=229681"},{"taxonomy":"product_cat","embeddable":true,"href":"https:\/\/grupotextil.es\/ca\/wp-json\/wp\/v2\/product_cat?post=229681"},{"taxonomy":"product_tag","embeddable":true,"href":"https:\/\/grupotextil.es\/ca\/wp-json\/wp\/v2\/product_tag?post=229681"}],"curies":[{"name":"wp","href":"https:\/\/api.w.org\/{rel}","templated":true}]}}