{"id":229762,"date":"2026-03-04T07:00:42","date_gmt":"2026-03-04T06:00:42","guid":{"rendered":"https:\/\/grupotextil.es\/producto\/base-vest\/"},"modified":"2026-04-19T04:06:57","modified_gmt":"2026-04-19T02:06:57","slug":"base-vest","status":"publish","type":"product","link":"https:\/\/grupotextil.es\/ca\/product\/base-vest\/","title":{"rendered":"Base Vest"},"content":{"rendered":"<p>Presentamos el chaleco Base: donde la practicidad se une a la comodidad y el estilo.<\/p>\n<p>Con una capucha desmontable y elegantes l\u00edneas acolchadas, este vers\u00e1til chaleco acolchado combina a la perfecci\u00f3n con jers\u00e9is, camisetas o camisas. Con un espacio personalizable en el pecho, est\u00e1 dise\u00f1ado para que le des tu toque personal.<\/p>\n<p><strong>Composici\u00f3n:<\/strong> Exterior: 100 % poliamida reciclada, 38 g\/m\u00b2<br \/>\nAcolchado: 100 % poli\u00e9ster reciclado<br \/>\nForro: 100 % poli\u00e9ster reciclado, 37 g\/m130 | <strong>Tallas:<\/strong> S-4XL<\/p>","protected":false},"excerpt":{"rendered":"<p>Presentamos el chaleco Base: donde la practicidad se une a la comodidad y el estilo.<\/p>","protected":false},"featured_media":236346,"comment_status":"open","ping_status":"closed","template":"","meta":{"_acf_changed":false},"product_brand":[10522],"product_cat":[13998],"product_tag":[],"class_list":{"0":"post-229762","1":"product","2":"type-product","3":"status-publish","4":"has-post-thumbnail","6":"product_brand-printer","7":"product_cat-n-chaquetas","8":"tm-no-options","10":"first","11":"instock","12":"taxable","13":"shipping-taxable","14":"product-type-variable"},"acf":[],"_links":{"self":[{"href":"https:\/\/grupotextil.es\/ca\/wp-json\/wp\/v2\/product\/229762","targetHints":{"allow":["GET"]}}],"collection":[{"href":"https:\/\/grupotextil.es\/ca\/wp-json\/wp\/v2\/product"}],"about":[{"href":"https:\/\/grupotextil.es\/ca\/wp-json\/wp\/v2\/types\/product"}],"replies":[{"embeddable":true,"href":"https:\/\/grupotextil.es\/ca\/wp-json\/wp\/v2\/comments?post=229762"}],"wp:featuredmedia":[{"embeddable":true,"href":"https:\/\/grupotextil.es\/ca\/wp-json\/wp\/v2\/media\/236346"}],"wp:attachment":[{"href":"https:\/\/grupotextil.es\/ca\/wp-json\/wp\/v2\/media?parent=229762"}],"wp:term":[{"taxonomy":"product_brand","embeddable":true,"href":"https:\/\/grupotextil.es\/ca\/wp-json\/wp\/v2\/product_brand?post=229762"},{"taxonomy":"product_cat","embeddable":true,"href":"https:\/\/grupotextil.es\/ca\/wp-json\/wp\/v2\/product_cat?post=229762"},{"taxonomy":"product_tag","embeddable":true,"href":"https:\/\/grupotextil.es\/ca\/wp-json\/wp\/v2\/product_tag?post=229762"}],"curies":[{"name":"wp","href":"https:\/\/api.w.org\/{rel}","templated":true}]}}