{"id":229784,"date":"2026-03-04T07:00:57","date_gmt":"2026-03-04T06:00:57","guid":{"rendered":"https:\/\/grupotextil.es\/producto\/waco-women\/"},"modified":"2026-04-19T04:06:57","modified_gmt":"2026-04-19T02:06:57","slug":"waco-women","status":"publish","type":"product","link":"https:\/\/grupotextil.es\/ca\/product\/waco-women\/","title":{"rendered":"Waco Women"},"content":{"rendered":"<p>Chaqueta con cremallera SBS frontal y en bolsillos laterales resistente a agua. Bolsillo interior con cremallera, f\u00e1cil acceso para la impresi\u00f3n y\/o bordado. Costuras selladas y cremalleras para una f\u00e1cil ventilaci\u00f3n. Capucha y cintura con cord\u00f3n, pu\u00f1os ajustables.<\/p>\n<p><strong>Composici\u00f3n:<\/strong> 100% poli\u00e9ster. WP 10000\/MVP 3000. | <strong>Tallas:<\/strong> XS-3XL<\/p>","protected":false},"excerpt":{"rendered":"<p>Chaqueta con cremallera SBS frontal y en bolsillos laterales resistente a agua. Bolsillo interior con cremallera, f\u00e1cil acceso para la impresi\u00f3n y\/o bordado. Costuras selladas y cremalleras para una f\u00e1cil ventilaci\u00f3n. Capucha y cintura con cord\u00f3n, pu<\/p>","protected":false},"featured_media":236360,"comment_status":"open","ping_status":"closed","template":"","meta":{"_acf_changed":false},"product_brand":[10446],"product_cat":[13998],"product_tag":[],"class_list":{"0":"post-229784","1":"product","2":"type-product","3":"status-publish","4":"has-post-thumbnail","6":"product_brand-clique","7":"product_cat-n-chaquetas","8":"tm-no-options","10":"first","11":"instock","12":"taxable","13":"shipping-taxable","14":"product-type-variable"},"acf":[],"_links":{"self":[{"href":"https:\/\/grupotextil.es\/ca\/wp-json\/wp\/v2\/product\/229784","targetHints":{"allow":["GET"]}}],"collection":[{"href":"https:\/\/grupotextil.es\/ca\/wp-json\/wp\/v2\/product"}],"about":[{"href":"https:\/\/grupotextil.es\/ca\/wp-json\/wp\/v2\/types\/product"}],"replies":[{"embeddable":true,"href":"https:\/\/grupotextil.es\/ca\/wp-json\/wp\/v2\/comments?post=229784"}],"wp:featuredmedia":[{"embeddable":true,"href":"https:\/\/grupotextil.es\/ca\/wp-json\/wp\/v2\/media\/236360"}],"wp:attachment":[{"href":"https:\/\/grupotextil.es\/ca\/wp-json\/wp\/v2\/media?parent=229784"}],"wp:term":[{"taxonomy":"product_brand","embeddable":true,"href":"https:\/\/grupotextil.es\/ca\/wp-json\/wp\/v2\/product_brand?post=229784"},{"taxonomy":"product_cat","embeddable":true,"href":"https:\/\/grupotextil.es\/ca\/wp-json\/wp\/v2\/product_cat?post=229784"},{"taxonomy":"product_tag","embeddable":true,"href":"https:\/\/grupotextil.es\/ca\/wp-json\/wp\/v2\/product_tag?post=229784"}],"curies":[{"name":"wp","href":"https:\/\/api.w.org\/{rel}","templated":true}]}}