{"id":229788,"date":"2026-03-04T07:00:59","date_gmt":"2026-03-04T06:00:59","guid":{"rendered":"https:\/\/grupotextil.es\/producto\/odessa\/"},"modified":"2026-04-19T04:06:57","modified_gmt":"2026-04-19T02:06:57","slug":"odessa","status":"publish","type":"product","link":"https:\/\/grupotextil.es\/ca\/product\/odessa\/","title":{"rendered":"Odessa"},"content":{"rendered":"<p>Pantal\u00f3n unisex deportivo que combina con la chaqueta Ottawa. Dise\u00f1o y ajuste mas moderno. Cord\u00f3n el\u00e1stico en cintura. Cremallera en los dos bolsillos frontales, trasero y en pierna.<\/p>\n<p><strong>Composici\u00f3n:<\/strong> 100% poli\u00e9ster | <strong>Peso:<\/strong> 215 g\/m2 (color 95: 240 g\/m2) | <strong>Tallas:<\/strong> XS-XXL<\/p>","protected":false},"excerpt":{"rendered":"<p>Pantal\u00f3n unisex deportivo que combina con la chaqueta Ottawa. Dise\u00f1o y ajuste mas moderno. Cord\u00f3n el\u00e1stico en cintura. Cremallera en los dos bolsillos frontales, trasero y en pierna.<\/p>","protected":false},"featured_media":236363,"comment_status":"open","ping_status":"closed","template":"","meta":{"_acf_changed":false},"product_brand":[10446],"product_cat":[15137,13983],"product_tag":[],"class_list":{"0":"post-229788","1":"product","2":"type-product","3":"status-publish","4":"has-post-thumbnail","6":"product_brand-clique","7":"product_cat-hombre-unisex-mujer","8":"product_cat-h-pantalones","9":"tm-no-options","11":"first","12":"instock","13":"taxable","14":"shipping-taxable","15":"product-type-variable"},"acf":[],"_links":{"self":[{"href":"https:\/\/grupotextil.es\/ca\/wp-json\/wp\/v2\/product\/229788","targetHints":{"allow":["GET"]}}],"collection":[{"href":"https:\/\/grupotextil.es\/ca\/wp-json\/wp\/v2\/product"}],"about":[{"href":"https:\/\/grupotextil.es\/ca\/wp-json\/wp\/v2\/types\/product"}],"replies":[{"embeddable":true,"href":"https:\/\/grupotextil.es\/ca\/wp-json\/wp\/v2\/comments?post=229788"}],"wp:featuredmedia":[{"embeddable":true,"href":"https:\/\/grupotextil.es\/ca\/wp-json\/wp\/v2\/media\/236363"}],"wp:attachment":[{"href":"https:\/\/grupotextil.es\/ca\/wp-json\/wp\/v2\/media?parent=229788"}],"wp:term":[{"taxonomy":"product_brand","embeddable":true,"href":"https:\/\/grupotextil.es\/ca\/wp-json\/wp\/v2\/product_brand?post=229788"},{"taxonomy":"product_cat","embeddable":true,"href":"https:\/\/grupotextil.es\/ca\/wp-json\/wp\/v2\/product_cat?post=229788"},{"taxonomy":"product_tag","embeddable":true,"href":"https:\/\/grupotextil.es\/ca\/wp-json\/wp\/v2\/product_tag?post=229788"}],"curies":[{"name":"wp","href":"https:\/\/api.w.org\/{rel}","templated":true}]}}