{"id":229812,"date":"2026-03-04T07:01:16","date_gmt":"2026-03-04T06:01:16","guid":{"rendered":"https:\/\/grupotextil.es\/producto\/prime-softshell-vest\/"},"modified":"2026-04-19T04:06:57","modified_gmt":"2026-04-19T02:06:57","slug":"prime-softshell-vest","status":"publish","type":"product","link":"https:\/\/grupotextil.es\/ca\/product\/prime-softshell-vest\/","title":{"rendered":"Prime Softshell Vest"},"content":{"rendered":"<p>El chaleco Prime Softshell contin\u00faa con el concepto bicolor con cremalleras en contraste.<\/p>\n<p>Cuenta con caracter\u00edsticas pr\u00e1cticas, como un bolsillo interior y un el\u00e1stico interior ajustable en el dobladillo inferior, para un ajuste personalizado.<\/p>\n<p>Se combina f\u00e1cilmente con otros estilos de la colecci\u00f3n, como la camiseta Prime T-shirt LS o la Prime Crewneck, para completar el look.<\/p>\n<p><strong>Composici\u00f3n:<\/strong> Exterior: 100 % poli\u00e9ster reciclado, unido con forro polar 100 % poli\u00e9ster reciclado, 280 g\/m\u00b2.<br \/>\nForro (mangas + bolsillos): 100 % poli\u00e9ster reciclado, 58 g\/m\u00b2.<br \/>\nWP 3000 \/ MVP 3000 &#8211; testado seg\u00fan las normas ISO811:2018 y ASTM E96\/96M. | <strong>Peso:<\/strong> Shell: 280 g\/m\u00b2 &#8211; Lining (pockets): 120 g\/m\u00b2 | <strong>Tallas:<\/strong> S-4XL<\/p>","protected":false},"excerpt":{"rendered":"<p>El chaleco Prime Softshell contin\u00faa con el concepto bicolor con cremalleras en contraste.<\/p>","protected":false},"featured_media":236376,"comment_status":"open","ping_status":"closed","template":"","meta":{"_acf_changed":false},"product_brand":[10586],"product_cat":[13998],"product_tag":[],"class_list":{"0":"post-229812","1":"product","2":"type-product","3":"status-publish","4":"has-post-thumbnail","6":"product_brand-printer-prime","7":"product_cat-n-chaquetas","8":"tm-no-options","10":"first","11":"instock","12":"taxable","13":"shipping-taxable","14":"product-type-variable"},"acf":[],"_links":{"self":[{"href":"https:\/\/grupotextil.es\/ca\/wp-json\/wp\/v2\/product\/229812","targetHints":{"allow":["GET"]}}],"collection":[{"href":"https:\/\/grupotextil.es\/ca\/wp-json\/wp\/v2\/product"}],"about":[{"href":"https:\/\/grupotextil.es\/ca\/wp-json\/wp\/v2\/types\/product"}],"replies":[{"embeddable":true,"href":"https:\/\/grupotextil.es\/ca\/wp-json\/wp\/v2\/comments?post=229812"}],"wp:featuredmedia":[{"embeddable":true,"href":"https:\/\/grupotextil.es\/ca\/wp-json\/wp\/v2\/media\/236376"}],"wp:attachment":[{"href":"https:\/\/grupotextil.es\/ca\/wp-json\/wp\/v2\/media?parent=229812"}],"wp:term":[{"taxonomy":"product_brand","embeddable":true,"href":"https:\/\/grupotextil.es\/ca\/wp-json\/wp\/v2\/product_brand?post=229812"},{"taxonomy":"product_cat","embeddable":true,"href":"https:\/\/grupotextil.es\/ca\/wp-json\/wp\/v2\/product_cat?post=229812"},{"taxonomy":"product_tag","embeddable":true,"href":"https:\/\/grupotextil.es\/ca\/wp-json\/wp\/v2\/product_tag?post=229812"}],"curies":[{"name":"wp","href":"https:\/\/api.w.org\/{rel}","templated":true}]}}