{"id":229876,"date":"2026-03-04T07:01:55","date_gmt":"2026-03-04T06:01:55","guid":{"rendered":"https:\/\/grupotextil.es\/producto\/essence-glove\/"},"modified":"2026-04-19T04:06:57","modified_gmt":"2026-04-19T02:06:57","slug":"essence-glove","status":"publish","type":"product","link":"https:\/\/grupotextil.es\/ca\/product\/essence-glove\/","title":{"rendered":"Essence Glove"},"content":{"rendered":"<p>El guante Essence es un guante de entrenamiento vers\u00e1til fabricado con tejido de punto cepillado, combinado con tejido hidr\u00f3fugo en el dorso para proteger del viento y la lluvia. Adem\u00e1s, la impresi\u00f3n de silicona en la palma garantiza un gran agarre. Una excelente opci\u00f3n para la mayor\u00eda de los entrenamientos en climas fr\u00edos.<\/p>\n<p>\u2022 Tejido de punto cepillado de poli\u00e9ster reciclado<\/p>\n<p>\u2022 Tejido exterior repelente al agua en la espalda, WP 8.000\/MVP 8.000<\/p>\n<p>\u2022 Impresi\u00f3n de silicona en la palma para mejorar el agarre<\/p>\n<p><strong>Composici\u00f3n:<\/strong> Backhand Face 100% Poli\u00e9ster reciclado, Backhand Middle 100% Poliuretano, Backhand Back100% Poli\u00e9ster, Palm 88% Poli\u00e9ster reciclado 12% Elastano, Lining upper back body 88% Poli\u00e9ster reciclado, 12% Elastano | <strong>Tallas:<\/strong> 6\/XXS-12\/XL<\/p>","protected":false},"excerpt":{"rendered":"<p>El guante Essence es un guante de entrenamiento vers\u00e1til fabricado con tejido de punto cepillado, combinado con tejido hidr\u00f3fugo en el dorso para proteger del viento y la lluvia. Adem\u00e1s, la impresi\u00f3n de silicona en la palma garantiza un gran agarre.<\/p>","protected":false},"featured_media":236413,"comment_status":"open","ping_status":"closed","template":"","meta":{"_acf_changed":false},"product_brand":[10489],"product_cat":[15147],"product_tag":[],"class_list":{"0":"post-229876","1":"product","2":"type-product","3":"status-publish","4":"has-post-thumbnail","6":"product_brand-craft","7":"product_cat-new-wave","8":"tm-no-options","10":"first","11":"instock","12":"taxable","13":"shipping-taxable","14":"product-type-variable"},"acf":[],"_links":{"self":[{"href":"https:\/\/grupotextil.es\/ca\/wp-json\/wp\/v2\/product\/229876","targetHints":{"allow":["GET"]}}],"collection":[{"href":"https:\/\/grupotextil.es\/ca\/wp-json\/wp\/v2\/product"}],"about":[{"href":"https:\/\/grupotextil.es\/ca\/wp-json\/wp\/v2\/types\/product"}],"replies":[{"embeddable":true,"href":"https:\/\/grupotextil.es\/ca\/wp-json\/wp\/v2\/comments?post=229876"}],"wp:featuredmedia":[{"embeddable":true,"href":"https:\/\/grupotextil.es\/ca\/wp-json\/wp\/v2\/media\/236413"}],"wp:attachment":[{"href":"https:\/\/grupotextil.es\/ca\/wp-json\/wp\/v2\/media?parent=229876"}],"wp:term":[{"taxonomy":"product_brand","embeddable":true,"href":"https:\/\/grupotextil.es\/ca\/wp-json\/wp\/v2\/product_brand?post=229876"},{"taxonomy":"product_cat","embeddable":true,"href":"https:\/\/grupotextil.es\/ca\/wp-json\/wp\/v2\/product_cat?post=229876"},{"taxonomy":"product_tag","embeddable":true,"href":"https:\/\/grupotextil.es\/ca\/wp-json\/wp\/v2\/product_tag?post=229876"}],"curies":[{"name":"wp","href":"https:\/\/api.w.org\/{rel}","templated":true}]}}