{"id":229899,"date":"2026-03-04T07:02:09","date_gmt":"2026-03-04T06:02:09","guid":{"rendered":"https:\/\/grupotextil.es\/producto\/pb144-brushed-jacquard-slim\/"},"modified":"2026-04-19T04:06:57","modified_gmt":"2026-04-19T02:06:57","slug":"pb144-brushed-jacquard-slim","status":"publish","type":"product","link":"https:\/\/grupotextil.es\/ca\/product\/pb144-brushed-jacquard-slim\/","title":{"rendered":"PB144 Brushed Jacquard Slim"},"content":{"rendered":"<p>Camisa de vestir ligera sin necesidad de planchar, que proporciona una sensaci\u00f3n \u00fanica, lujosa y supersuave al tacto. Tiene todas las prestaciones con hasta un 20% de elasticidad.<\/p>\n<p>Camisa con bot\u00f3n oculto en cuello. Detalles en azul en cuello y botones.<\/p>\n<p>F\u00e1cil de llevar. Elegante e informal.<\/p>\n<p><strong>Composici\u00f3n:<\/strong> Estampado jaquard \u00edndigo en dos tonos. Superficie cepillada para mayor suavidad. 100% Algod\u00f3n de fibra larga 125 g\/m\u00b2, el\u00e1stico mec\u00e1nico. Non-Iron. Manga larga. Pu\u00f1o suave redondeado con ojal extra para gemelos. Botones de 4 mm de grosor. | <strong>Peso:<\/strong> 125 g\/m\u00b2 | <strong>Tallas:<\/strong> XS-XXL<\/p>","protected":false},"excerpt":{"rendered":"<p>Camisa de vestir ligera sin necesidad de planchar, que proporciona una sensaci\u00f3n \u00fanica, lujosa y supersuave al tacto. Tiene todas las prestaciones con hasta un 20% de elasticidad.<\/p>","protected":false},"featured_media":236425,"comment_status":"open","ping_status":"closed","template":"","meta":{"_acf_changed":false},"product_brand":[10563],"product_cat":[13995],"product_tag":[],"class_list":{"0":"post-229899","1":"product","2":"type-product","3":"status-publish","4":"has-post-thumbnail","6":"product_brand-j-harvest-frost","7":"product_cat-n-camisetas","8":"tm-no-options","10":"first","11":"instock","12":"taxable","13":"shipping-taxable","14":"product-type-variable"},"acf":[],"_links":{"self":[{"href":"https:\/\/grupotextil.es\/ca\/wp-json\/wp\/v2\/product\/229899","targetHints":{"allow":["GET"]}}],"collection":[{"href":"https:\/\/grupotextil.es\/ca\/wp-json\/wp\/v2\/product"}],"about":[{"href":"https:\/\/grupotextil.es\/ca\/wp-json\/wp\/v2\/types\/product"}],"replies":[{"embeddable":true,"href":"https:\/\/grupotextil.es\/ca\/wp-json\/wp\/v2\/comments?post=229899"}],"wp:featuredmedia":[{"embeddable":true,"href":"https:\/\/grupotextil.es\/ca\/wp-json\/wp\/v2\/media\/236425"}],"wp:attachment":[{"href":"https:\/\/grupotextil.es\/ca\/wp-json\/wp\/v2\/media?parent=229899"}],"wp:term":[{"taxonomy":"product_brand","embeddable":true,"href":"https:\/\/grupotextil.es\/ca\/wp-json\/wp\/v2\/product_brand?post=229899"},{"taxonomy":"product_cat","embeddable":true,"href":"https:\/\/grupotextil.es\/ca\/wp-json\/wp\/v2\/product_cat?post=229899"},{"taxonomy":"product_tag","embeddable":true,"href":"https:\/\/grupotextil.es\/ca\/wp-json\/wp\/v2\/product_tag?post=229899"}],"curies":[{"name":"wp","href":"https:\/\/api.w.org\/{rel}","templated":true}]}}