{"id":229902,"date":"2026-03-04T07:02:10","date_gmt":"2026-03-04T06:02:10","guid":{"rendered":"https:\/\/grupotextil.es\/producto\/5559-pantalon-con-tecnologia-375\/"},"modified":"2026-04-26T04:05:49","modified_gmt":"2026-04-26T02:05:49","slug":"5559-pantalon-con-tecnologia-375","status":"publish","type":"product","link":"https:\/\/grupotextil.es\/ca\/product\/5559-pantalon-con-tecnologia-375\/","title":{"rendered":"5559 PANTAL\u00d3N CON TECNOLOG\u00cdA 37,5\u2122"},"content":{"rendered":"<p>Pantalones el\u00e1sticos con tecnolog\u00eda 37,5\u2122. Los lados de la parte superior no son el\u00e1sticos para dar estabilidad al pantal\u00f3n. Bolsillos amplios en ambos lados de las piernas. El bolsillo de la pierna izquierda es apto para herramientas y bol\u00edgrafos, tambi\u00e9n tiene bolsillo para m\u00f3vil con cierre magn\u00e9tico y gancho para tarjeta identificativa. En el lado derecho hay un bolsillo para cinta m\u00e9trica y herramientas. Bolsillos tipo funda. Bolsillos traseros internos. Aberturas de ventilaci\u00f3n con forro de malla tanto en el interior como en el exterior de los muslos. Tambi\u00e9n hay ventilaci\u00f3n en la parte trasera de las rodillas. Rodillas pre-curvadas. Bolsillos internos para rodilleras regulables a dos alturas. Bolsillos reforzados con Cordura\u00ae y rodillas reforzadas con Cordura\u00aestretch para una mayor durabilidad y libertad de movimiento.<\/p>\n<p><strong>Composici\u00f3n:<\/strong> 89% Poli\u00e9ster, incluido 40% de tejido 37,5, 11% spandex | <strong>Tallas:<\/strong> C146-D120<\/p>","protected":false},"excerpt":{"rendered":"<p>Pantalones el\u00e1sticos con tecnolog\u00eda 37,5\u2122. Los lados de la parte superior no son el\u00e1sticos para dar estabilidad al pantal\u00f3n. Bolsillos amplios en ambos lados de las piernas. El bolsillo de la pierna izquierda es apto para herramientas y bol\u00edgrafos, t<\/p>","protected":false},"featured_media":236428,"comment_status":"open","ping_status":"closed","template":"","meta":{"_acf_changed":false},"product_brand":[10531],"product_cat":[13983],"product_tag":[],"class_list":{"0":"post-229902","1":"product","2":"type-product","3":"status-publish","4":"has-post-thumbnail","6":"product_brand-projob","7":"product_cat-h-pantalones","8":"tm-no-options","10":"first","11":"instock","12":"taxable","13":"shipping-taxable","14":"product-type-variable"},"acf":[],"_links":{"self":[{"href":"https:\/\/grupotextil.es\/ca\/wp-json\/wp\/v2\/product\/229902","targetHints":{"allow":["GET"]}}],"collection":[{"href":"https:\/\/grupotextil.es\/ca\/wp-json\/wp\/v2\/product"}],"about":[{"href":"https:\/\/grupotextil.es\/ca\/wp-json\/wp\/v2\/types\/product"}],"replies":[{"embeddable":true,"href":"https:\/\/grupotextil.es\/ca\/wp-json\/wp\/v2\/comments?post=229902"}],"wp:featuredmedia":[{"embeddable":true,"href":"https:\/\/grupotextil.es\/ca\/wp-json\/wp\/v2\/media\/236428"}],"wp:attachment":[{"href":"https:\/\/grupotextil.es\/ca\/wp-json\/wp\/v2\/media?parent=229902"}],"wp:term":[{"taxonomy":"product_brand","embeddable":true,"href":"https:\/\/grupotextil.es\/ca\/wp-json\/wp\/v2\/product_brand?post=229902"},{"taxonomy":"product_cat","embeddable":true,"href":"https:\/\/grupotextil.es\/ca\/wp-json\/wp\/v2\/product_cat?post=229902"},{"taxonomy":"product_tag","embeddable":true,"href":"https:\/\/grupotextil.es\/ca\/wp-json\/wp\/v2\/product_tag?post=229902"}],"curies":[{"name":"wp","href":"https:\/\/api.w.org\/{rel}","templated":true}]}}