{"id":230012,"date":"2026-03-04T07:03:18","date_gmt":"2026-03-04T06:03:18","guid":{"rendered":"https:\/\/grupotextil.es\/producto\/5570-pantalon-elastico\/"},"modified":"2026-04-26T04:05:50","modified_gmt":"2026-04-26T02:05:50","slug":"5570-pantalon-elastico","status":"publish","type":"product","link":"https:\/\/grupotextil.es\/ca\/product\/5570-pantalon-elastico\/","title":{"rendered":"5570 PANTAL\u00d3N EL\u00c1STICO"},"content":{"rendered":"<p>Pantal\u00f3n en tejido el\u00e1stico para una gran flexibilidad. Panel el\u00e1stico en 4 direcciones en la entrepierna para mayor comodidad. Bolsillos tipo funda que se pueden guardar en los bolsillos laterales, en el bolsillo lateral izquierdo con un bolsillo extra y en el lateral derecho trabillas para herramientas y bolsillos abiertos. Bolsillos traseros con solapa y cierre de velcro. Bolsillo para cinta m\u00e9trica y bolsillo con bot\u00f3n para herramientas. Dos trabillas para martillo, una a cada lado. Ribete reflectante en el exterior de las piernas.. Rodillas precurvadas con bolsillos internos para protectores de rodillas, ajustables a dos niveles de altura. Refuerzos en los bolsillos para fundas, bolsillo para cinta m\u00e9trica y sobre las rodillas para mayor durabilidad. La talla C42-C64 puede ampliarse 5 cm.<\/p>\n<p><strong>Composici\u00f3n:<\/strong> 63% Poli\u00e9ster, 35% algod\u00f3n, 2% Spandex 245 g\/m2. Refuerzos: 100% poli\u00e9ster | <strong>Peso:<\/strong> 245 g\/m2 | <strong>Tallas:<\/strong> C146-D120<\/p>","protected":false},"excerpt":{"rendered":"<p>Pantal\u00f3n en tejido el\u00e1stico para una gran flexibilidad. Panel el\u00e1stico en 4 direcciones en la entrepierna para mayor comodidad. Bolsillos tipo funda que se pueden guardar en los bolsillos laterales, en el bolsillo lateral izquierdo con un bolsillo ex<\/p>","protected":false},"featured_media":236459,"comment_status":"open","ping_status":"closed","template":"","meta":{"_acf_changed":false},"product_brand":[10531],"product_cat":[13983],"product_tag":[],"class_list":{"0":"post-230012","1":"product","2":"type-product","3":"status-publish","4":"has-post-thumbnail","6":"product_brand-projob","7":"product_cat-h-pantalones","8":"tm-no-options","10":"first","11":"instock","12":"taxable","13":"shipping-taxable","14":"product-type-variable"},"acf":[],"_links":{"self":[{"href":"https:\/\/grupotextil.es\/ca\/wp-json\/wp\/v2\/product\/230012","targetHints":{"allow":["GET"]}}],"collection":[{"href":"https:\/\/grupotextil.es\/ca\/wp-json\/wp\/v2\/product"}],"about":[{"href":"https:\/\/grupotextil.es\/ca\/wp-json\/wp\/v2\/types\/product"}],"replies":[{"embeddable":true,"href":"https:\/\/grupotextil.es\/ca\/wp-json\/wp\/v2\/comments?post=230012"}],"wp:featuredmedia":[{"embeddable":true,"href":"https:\/\/grupotextil.es\/ca\/wp-json\/wp\/v2\/media\/236459"}],"wp:attachment":[{"href":"https:\/\/grupotextil.es\/ca\/wp-json\/wp\/v2\/media?parent=230012"}],"wp:term":[{"taxonomy":"product_brand","embeddable":true,"href":"https:\/\/grupotextil.es\/ca\/wp-json\/wp\/v2\/product_brand?post=230012"},{"taxonomy":"product_cat","embeddable":true,"href":"https:\/\/grupotextil.es\/ca\/wp-json\/wp\/v2\/product_cat?post=230012"},{"taxonomy":"product_tag","embeddable":true,"href":"https:\/\/grupotextil.es\/ca\/wp-json\/wp\/v2\/product_tag?post=230012"}],"curies":[{"name":"wp","href":"https:\/\/api.w.org\/{rel}","templated":true}]}}