{"id":230030,"date":"2026-03-04T07:03:28","date_gmt":"2026-03-04T06:03:28","guid":{"rendered":"https:\/\/grupotextil.es\/producto\/adv-join-long-hoodie-w\/"},"modified":"2026-04-19T04:06:58","modified_gmt":"2026-04-19T02:06:58","slug":"adv-join-long-hoodie-w","status":"publish","type":"product","link":"https:\/\/grupotextil.es\/ca\/product\/adv-join-long-hoodie-w\/","title":{"rendered":"ADV Join Long Hoodie W"},"content":{"rendered":"<p>La sudadera ADV Join Long Hoodie es una sudadera con capucha muy c\u00f3moda de est\u00e9tica contempor\u00e1nea dise\u00f1ada para el uso diario.<\/p>\n<p>Esta c\u00f3moda y elegante sudadera con capucha est\u00e1 confeccionada en tejido de primera calidad, con un exterior de algod\u00f3n terso y un interior de poli\u00e9ster suave. El resultado es una prenda muy c\u00f3moda que llama la atenci\u00f3n tanto durante las actividades diarias de relax como de camino al gimnasio o al estudio de yoga. La sudadera es ligeramente oversize y presenta un corte largo y hombros ca\u00eddos, para un look relajado e informal. Adem\u00e1s, el dise\u00f1o cuenta con aberturas laterales de 8\u00a0pulgadas, un bolsillo tipo canguro y capucha ajustable. El logotipo bordado contribuye a la sensaci\u00f3n de calidad que transmite esta sudadera con capucha.<\/p>\n<p>\u2022 Jersey de algod\u00f3n y poli\u00e9ster de punto suave y denso (320\u00a0g\/m\u00b2)<\/p>\n<p>\u2022 Exterior de algod\u00f3n e interior de poli\u00e9ster<\/p>\n<p>\u2022 Ligeramente oversize<\/p>\n<p>\u2022 Hombros ca\u00eddos<\/p>\n<p>\u2022 Aberturas laterales largas de 8 pulgadas<\/p>\n<p>\u2022 Bolsillo tipo canguro con bolsillo interior de malla para m\u00f3vil<\/p>\n<p>\u2022 Logotipo bordado en la manga izquierda<\/p>\n<p>\u2022 Corte largo y relajado<\/p>\n<p><strong>Composici\u00f3n:<\/strong> Solid colors: 49% Polyester-Recycled, 46% Cotton, 5% Elastane. Melange colors: 44% Polyester-Recycled, 53% Cotton, 3% Elastane. | <strong>Peso:<\/strong> 320 g\/m2 | <strong>Tallas:<\/strong> XS-XXL<\/p>","protected":false},"excerpt":{"rendered":"<p>La sudadera ADV Join Long Hoodie es una sudadera con capucha muy c\u00f3moda de est\u00e9tica contempor\u00e1nea dise\u00f1ada para el uso diario.<\/p>","protected":false},"featured_media":236462,"comment_status":"open","ping_status":"closed","template":"","meta":{"_acf_changed":false},"product_brand":[10489],"product_cat":[15147],"product_tag":[],"class_list":{"0":"post-230030","1":"product","2":"type-product","3":"status-publish","4":"has-post-thumbnail","6":"product_brand-craft","7":"product_cat-new-wave","8":"tm-no-options","10":"first","11":"instock","12":"taxable","13":"shipping-taxable","14":"product-type-variable"},"acf":[],"_links":{"self":[{"href":"https:\/\/grupotextil.es\/ca\/wp-json\/wp\/v2\/product\/230030","targetHints":{"allow":["GET"]}}],"collection":[{"href":"https:\/\/grupotextil.es\/ca\/wp-json\/wp\/v2\/product"}],"about":[{"href":"https:\/\/grupotextil.es\/ca\/wp-json\/wp\/v2\/types\/product"}],"replies":[{"embeddable":true,"href":"https:\/\/grupotextil.es\/ca\/wp-json\/wp\/v2\/comments?post=230030"}],"wp:featuredmedia":[{"embeddable":true,"href":"https:\/\/grupotextil.es\/ca\/wp-json\/wp\/v2\/media\/236462"}],"wp:attachment":[{"href":"https:\/\/grupotextil.es\/ca\/wp-json\/wp\/v2\/media?parent=230030"}],"wp:term":[{"taxonomy":"product_brand","embeddable":true,"href":"https:\/\/grupotextil.es\/ca\/wp-json\/wp\/v2\/product_brand?post=230030"},{"taxonomy":"product_cat","embeddable":true,"href":"https:\/\/grupotextil.es\/ca\/wp-json\/wp\/v2\/product_cat?post=230030"},{"taxonomy":"product_tag","embeddable":true,"href":"https:\/\/grupotextil.es\/ca\/wp-json\/wp\/v2\/product_tag?post=230030"}],"curies":[{"name":"wp","href":"https:\/\/api.w.org\/{rel}","templated":true}]}}