{"id":230045,"date":"2026-03-04T07:03:38","date_gmt":"2026-03-04T06:03:38","guid":{"rendered":"https:\/\/grupotextil.es\/producto\/pinedale\/"},"modified":"2026-04-19T04:06:58","modified_gmt":"2026-04-19T02:06:58","slug":"pinedale","status":"publish","type":"product","link":"https:\/\/grupotextil.es\/ca\/product\/pinedale\/","title":{"rendered":"Pinedale"},"content":{"rendered":"<p>Polo piqu\u00e9 con bolsillo frontal, cuello acanalado y final de las mangas a contraste.<\/p>\n<p>Botones a tono. Nuevo ajuste. Se entrega en bolsa bio y compostable.<\/p>\n<p><strong>Composici\u00f3n:<\/strong> 60% Algod\u00f3n org\u00e1nico, 40% Poli\u00e9ster reciclado, 200 g\/m\u00b2 | <strong>Peso:<\/strong> 200 g\/m\u00b2 | <strong>Tallas:<\/strong> S-4XL<\/p>","protected":false},"excerpt":{"rendered":"<p>Polo piqu\u00e9 con bolsillo frontal, cuello acanalado y final de las mangas a contraste.<\/p>","protected":false},"featured_media":236465,"comment_status":"open","ping_status":"closed","template":"","meta":{"_acf_changed":false},"product_brand":[10521],"product_cat":[13974,13975,13973],"product_tag":[],"class_list":{"0":"post-230045","1":"product","2":"type-product","3":"status-publish","4":"has-post-thumbnail","6":"product_brand-james-harvest","7":"product_cat-ropa-hombre","8":"product_cat-ropa-mujer","9":"product_cat-ropa","10":"tm-no-options","12":"first","13":"instock","14":"taxable","15":"shipping-taxable","16":"product-type-variable"},"acf":[],"_links":{"self":[{"href":"https:\/\/grupotextil.es\/ca\/wp-json\/wp\/v2\/product\/230045","targetHints":{"allow":["GET"]}}],"collection":[{"href":"https:\/\/grupotextil.es\/ca\/wp-json\/wp\/v2\/product"}],"about":[{"href":"https:\/\/grupotextil.es\/ca\/wp-json\/wp\/v2\/types\/product"}],"replies":[{"embeddable":true,"href":"https:\/\/grupotextil.es\/ca\/wp-json\/wp\/v2\/comments?post=230045"}],"wp:featuredmedia":[{"embeddable":true,"href":"https:\/\/grupotextil.es\/ca\/wp-json\/wp\/v2\/media\/236465"}],"wp:attachment":[{"href":"https:\/\/grupotextil.es\/ca\/wp-json\/wp\/v2\/media?parent=230045"}],"wp:term":[{"taxonomy":"product_brand","embeddable":true,"href":"https:\/\/grupotextil.es\/ca\/wp-json\/wp\/v2\/product_brand?post=230045"},{"taxonomy":"product_cat","embeddable":true,"href":"https:\/\/grupotextil.es\/ca\/wp-json\/wp\/v2\/product_cat?post=230045"},{"taxonomy":"product_tag","embeddable":true,"href":"https:\/\/grupotextil.es\/ca\/wp-json\/wp\/v2\/product_tag?post=230045"}],"curies":[{"name":"wp","href":"https:\/\/api.w.org\/{rel}","templated":true}]}}