{"id":230081,"date":"2026-03-04T07:04:00","date_gmt":"2026-03-04T06:04:00","guid":{"rendered":"https:\/\/grupotextil.es\/producto\/6528-pantalon-elastico-clase-1\/"},"modified":"2026-04-26T04:05:50","modified_gmt":"2026-04-26T02:05:50","slug":"6528-pantalon-elastico-clase-1","status":"publish","type":"product","link":"https:\/\/grupotextil.es\/ca\/product\/6528-pantalon-elastico-clase-1\/","title":{"rendered":"6528 PANTAL\u00d3N EL\u00c1STICO CLASE 1"},"content":{"rendered":"<p>Pantal\u00f3n con gran flexibilidad. Tejido el\u00e1stico en la parte trasera, la entrepierna y la zona de las rodillas para proporcionar una mayor libertad de movimientos. Aberturas de ventilaci\u00f3n con cremalleras a lo largo de ambos lados de las piernas con forro de malla. Bolsillos en piernas con cierre de cremallera en ambos lados con bolsillos exteriores para herramientas, ambos lados con bolsillo interior para m\u00f3vil y tambi\u00e9n trabillas interiores para sujetar la tarjeta de identificaci\u00f3n. En el lado derecho bolsillo para cinta m\u00e9trica y bolsillo con bot\u00f3n  para herramientas. Trabilla m\u00e1s ancha en la parte trasera para evitar la presi\u00f3n del cintur\u00f3n. Fijaci\u00f3n oculta para bolsillos portafunda (ref. art\u00edculo 9042). Rodillas precurvadas. Bolsillos interiores para protectores de rodillas, ajustables a dos niveles de altura.<\/p>\n<p><strong>Composici\u00f3n:<\/strong> Tejido 1: 65% poli\u00e9ster, 35% algod\u00f3n 235 g\/m2 Tejido 2: 91,5% nylon, 8,5% spandex 245 g\/m2 Tejido 3: 91% nylon, 9% spandex 248 g\/m2 | <strong>Peso:<\/strong> 235 g\/m\u00b2 | <strong>Tallas:<\/strong> C44-D120<\/p>","protected":false},"excerpt":{"rendered":"<p>Pantal\u00f3n con gran flexibilidad. Tejido el\u00e1stico en la parte trasera, la entrepierna y la zona de las rodillas para proporcionar una mayor libertad de movimientos. Aberturas de ventilaci\u00f3n con cremalleras a lo largo de ambos lados de las piernas con f<\/p>","protected":false},"featured_media":236481,"comment_status":"open","ping_status":"closed","template":"","meta":{"_acf_changed":false},"product_brand":[10531],"product_cat":[13983],"product_tag":[],"class_list":{"0":"post-230081","1":"product","2":"type-product","3":"status-publish","4":"has-post-thumbnail","6":"product_brand-projob","7":"product_cat-h-pantalones","8":"tm-no-options","10":"first","11":"instock","12":"taxable","13":"shipping-taxable","14":"product-type-variable"},"acf":[],"_links":{"self":[{"href":"https:\/\/grupotextil.es\/ca\/wp-json\/wp\/v2\/product\/230081","targetHints":{"allow":["GET"]}}],"collection":[{"href":"https:\/\/grupotextil.es\/ca\/wp-json\/wp\/v2\/product"}],"about":[{"href":"https:\/\/grupotextil.es\/ca\/wp-json\/wp\/v2\/types\/product"}],"replies":[{"embeddable":true,"href":"https:\/\/grupotextil.es\/ca\/wp-json\/wp\/v2\/comments?post=230081"}],"wp:featuredmedia":[{"embeddable":true,"href":"https:\/\/grupotextil.es\/ca\/wp-json\/wp\/v2\/media\/236481"}],"wp:attachment":[{"href":"https:\/\/grupotextil.es\/ca\/wp-json\/wp\/v2\/media?parent=230081"}],"wp:term":[{"taxonomy":"product_brand","embeddable":true,"href":"https:\/\/grupotextil.es\/ca\/wp-json\/wp\/v2\/product_brand?post=230081"},{"taxonomy":"product_cat","embeddable":true,"href":"https:\/\/grupotextil.es\/ca\/wp-json\/wp\/v2\/product_cat?post=230081"},{"taxonomy":"product_tag","embeddable":true,"href":"https:\/\/grupotextil.es\/ca\/wp-json\/wp\/v2\/product_tag?post=230081"}],"curies":[{"name":"wp","href":"https:\/\/api.w.org\/{rel}","templated":true}]}}