{"id":230137,"date":"2026-03-04T07:04:35","date_gmt":"2026-03-04T06:04:35","guid":{"rendered":"https:\/\/grupotextil.es\/producto\/endur-light-wind-vest-m\/"},"modified":"2026-04-19T04:06:59","modified_gmt":"2026-04-19T02:06:59","slug":"endur-light-wind-vest-m","status":"publish","type":"product","link":"https:\/\/grupotextil.es\/ca\/product\/endur-light-wind-vest-m\/","title":{"rendered":"Endur Light Wind Vest M"},"content":{"rendered":"<p>El Endure Light Wind Vest es un chaleco ligero, cortaviento e hidr\u00f3fugo para ciclismo que resulta un gran compa\u00f1ero en salidas frescas y ventosas.<\/p>\n<p>Fabricado con materiales reciclados altamente funcionales, este chaleco de ciclismo t\u00e9cnicamente avanzado cuenta con una espalda de malla el\u00e1stica y ventilada que garantiza un gran ajuste y una excelente gesti\u00f3n de la temperatura corporal durante las salidas intensas. Adem\u00e1s, el el\u00e1stico con pinza de silicona en el dobladillo inferior mantiene el chaleco en su sitio, mientras que los detalles reflectantes ofrecen una mayor visibilidad. Se guarda f\u00e1cilmente en el bolsillo del maillot.<\/p>\n<p>\u2022 Tejido ligero a base de materiales reciclados y elastano<\/p>\n<p>\u2022 Tejido cortaviento e hidr\u00f3fugo (acabado DWR)<\/p>\n<p>\u2022 Tejido de malla en la espalda<\/p>\n<p>\u2022 El\u00e1stico con pinza de silicona en el dobladillo inferior<\/p>\n<p>\u2022 Peque\u00f1o bolsillo lateral con cremallera<\/p>\n<p>\u2022 Detalles reflectantes<\/p>\n<p>\u2022 Ajuste estrecho<\/p>\n<p><strong>Composici\u00f3n:<\/strong> 78% Polyamide Recycled, 22% Elastane Back, 88% Polyester Recycled, 12% Elastane | <strong>Tallas:<\/strong> XS-XXL<\/p>","protected":false},"excerpt":{"rendered":"<p>El Endure Light Wind Vest es un chaleco ligero, cortaviento e hidr\u00f3fugo para ciclismo que resulta un gran compa\u00f1ero en salidas frescas y ventosas.<\/p>","protected":false},"featured_media":236513,"comment_status":"open","ping_status":"closed","template":"","meta":{"_acf_changed":false},"product_brand":[10489],"product_cat":[15147],"product_tag":[],"class_list":{"0":"post-230137","1":"product","2":"type-product","3":"status-publish","4":"has-post-thumbnail","6":"product_brand-craft","7":"product_cat-new-wave","8":"tm-no-options","10":"first","11":"instock","12":"taxable","13":"shipping-taxable","14":"product-type-variable"},"acf":[],"_links":{"self":[{"href":"https:\/\/grupotextil.es\/ca\/wp-json\/wp\/v2\/product\/230137","targetHints":{"allow":["GET"]}}],"collection":[{"href":"https:\/\/grupotextil.es\/ca\/wp-json\/wp\/v2\/product"}],"about":[{"href":"https:\/\/grupotextil.es\/ca\/wp-json\/wp\/v2\/types\/product"}],"replies":[{"embeddable":true,"href":"https:\/\/grupotextil.es\/ca\/wp-json\/wp\/v2\/comments?post=230137"}],"wp:featuredmedia":[{"embeddable":true,"href":"https:\/\/grupotextil.es\/ca\/wp-json\/wp\/v2\/media\/236513"}],"wp:attachment":[{"href":"https:\/\/grupotextil.es\/ca\/wp-json\/wp\/v2\/media?parent=230137"}],"wp:term":[{"taxonomy":"product_brand","embeddable":true,"href":"https:\/\/grupotextil.es\/ca\/wp-json\/wp\/v2\/product_brand?post=230137"},{"taxonomy":"product_cat","embeddable":true,"href":"https:\/\/grupotextil.es\/ca\/wp-json\/wp\/v2\/product_cat?post=230137"},{"taxonomy":"product_tag","embeddable":true,"href":"https:\/\/grupotextil.es\/ca\/wp-json\/wp\/v2\/product_tag?post=230137"}],"curies":[{"name":"wp","href":"https:\/\/api.w.org\/{rel}","templated":true}]}}