{"id":230183,"date":"2026-03-04T07:05:04","date_gmt":"2026-03-04T06:05:04","guid":{"rendered":"https:\/\/grupotextil.es\/producto\/bb60-twill-regular\/"},"modified":"2026-04-19T04:06:59","modified_gmt":"2026-04-19T02:06:59","slug":"bb60-twill-regular","status":"publish","type":"product","link":"https:\/\/grupotextil.es\/ca\/product\/bb60-twill-regular\/","title":{"rendered":"BB60 Twill Regular"},"content":{"rendered":"<p>Camisa el\u00e1stica con tecnolog\u00eda Nanotex repelente a agua, aceite y manchas en general. No necesita planchado, Canes\u00fa y costuras selladas que ayudan a que la camisa tenga un aspecto impecable.<\/p>\n<p><strong>Composici\u00f3n:<\/strong> 100% Algod\u00f3n compacto de fibra larga, 131 g\/m\u00b2 con elasticidad mec\u00e1nica. Lavable a m\u00e1quina (sin suavizante). No planchar. Nanotecnolog\u00eda. Repele el agua, el aceite y las manchas. Costuras principales selladas. Bot\u00f3n superior el\u00e1stico. Manga larga. Pu\u00f1o con borde redondeado. Ojal adicional para gemelos. | <strong>Peso:<\/strong> 131 g\/m\u00b2 | <strong>Tallas:<\/strong> S-5XL<\/p>","protected":false},"excerpt":{"rendered":"<p>Camisa el\u00e1stica con tecnolog\u00eda Nanotex repelente a agua, aceite y manchas en general. No necesita planchado, Canes\u00fa y costuras selladas que ayudan a que la camisa tenga un aspecto impecable.<\/p>","protected":false},"featured_media":236535,"comment_status":"open","ping_status":"closed","template":"","meta":{"_acf_changed":false},"product_brand":[10563],"product_cat":[13995],"product_tag":[],"class_list":{"0":"post-230183","1":"product","2":"type-product","3":"status-publish","4":"has-post-thumbnail","6":"product_brand-j-harvest-frost","7":"product_cat-n-camisetas","8":"tm-no-options","10":"first","11":"instock","12":"taxable","13":"shipping-taxable","14":"product-type-variable"},"acf":[],"_links":{"self":[{"href":"https:\/\/grupotextil.es\/ca\/wp-json\/wp\/v2\/product\/230183","targetHints":{"allow":["GET"]}}],"collection":[{"href":"https:\/\/grupotextil.es\/ca\/wp-json\/wp\/v2\/product"}],"about":[{"href":"https:\/\/grupotextil.es\/ca\/wp-json\/wp\/v2\/types\/product"}],"replies":[{"embeddable":true,"href":"https:\/\/grupotextil.es\/ca\/wp-json\/wp\/v2\/comments?post=230183"}],"wp:featuredmedia":[{"embeddable":true,"href":"https:\/\/grupotextil.es\/ca\/wp-json\/wp\/v2\/media\/236535"}],"wp:attachment":[{"href":"https:\/\/grupotextil.es\/ca\/wp-json\/wp\/v2\/media?parent=230183"}],"wp:term":[{"taxonomy":"product_brand","embeddable":true,"href":"https:\/\/grupotextil.es\/ca\/wp-json\/wp\/v2\/product_brand?post=230183"},{"taxonomy":"product_cat","embeddable":true,"href":"https:\/\/grupotextil.es\/ca\/wp-json\/wp\/v2\/product_cat?post=230183"},{"taxonomy":"product_tag","embeddable":true,"href":"https:\/\/grupotextil.es\/ca\/wp-json\/wp\/v2\/product_tag?post=230183"}],"curies":[{"name":"wp","href":"https:\/\/api.w.org\/{rel}","templated":true}]}}