{"id":230190,"date":"2026-03-04T07:05:10","date_gmt":"2026-03-04T06:05:10","guid":{"rendered":"https:\/\/grupotextil.es\/producto\/5524-pantalon-bicolor\/"},"modified":"2026-04-26T04:05:51","modified_gmt":"2026-04-26T02:05:51","slug":"5524-pantalon-bicolor","status":"publish","type":"product","link":"https:\/\/grupotextil.es\/ca\/product\/5524-pantalon-bicolor\/","title":{"rendered":"5524 PANTAL\u00d3N BICOLOR"},"content":{"rendered":"<p>Pantal\u00f3n con canes\u00fa acolchado ergon\u00f3mico en la espalda para un confort \u00f3ptimo. Tejido el\u00e1stico en la entrepierna para mayor comodidad. Bolsillos colgantes que se pueden guardar en los bolsillos laterales, con compartimentos adicionales y refuerzos internos de Cordura\u00ae. Bolsillos en la pierna, en el lado izquierdo bolsillo con solapa y cierre de bot\u00f3n a presi\u00f3n, bolsillo interno para m\u00f3vil y gancho para tarjeta de identificaci\u00f3n. En el lado derecho bolsillo para cinta m\u00e9trica y bolsillo con bot\u00f3n para herramientas. Bolsillos traseros con anchura extra, solapa en el izquierdo. Dos trabillas ajustables para martillo. D-Ring en cintura. Rodillas precurvadas con refuerzos de Kevlar. Bolsillos internos para protectores de rodilla, ajustables a dos niveles de altura. Detalles reflectantes de Cordura\u00ae. Los bolsillos para fundas, la parte trasera de los dobladillos de las piernas y las rodillas est\u00e1n reforzados con Cordura\u00ae para una mayor durabilidad.<\/p>\n<p>Color gris-98 tiene un bolsillo extra para navaja<\/p>\n<p><strong>Composici\u00f3n:<\/strong> 60% Algod\u00f3n, 40% Poli\u00e9ster. Refuerzo 100% poliamida, Kevlar 360 g\/m | <strong>Peso:<\/strong> 360 g\/m\u00b2 | <strong>Tallas:<\/strong> C44-C62<\/p>","protected":false},"excerpt":{"rendered":"<p>Pantal\u00f3n con canes\u00fa acolchado ergon\u00f3mico en la espalda para un confort \u00f3ptimo. Tejido el\u00e1stico en la entrepierna para mayor comodidad. Bolsillos colgantes que se pueden guardar en los bolsillos laterales, con compartimentos adicionales y refuerzos in<\/p>","protected":false},"featured_media":236540,"comment_status":"open","ping_status":"closed","template":"","meta":{"_acf_changed":false},"product_brand":[10531],"product_cat":[13983],"product_tag":[],"class_list":{"0":"post-230190","1":"product","2":"type-product","3":"status-publish","4":"has-post-thumbnail","6":"product_brand-projob","7":"product_cat-h-pantalones","8":"tm-no-options","10":"first","11":"instock","12":"taxable","13":"shipping-taxable","14":"product-type-variable"},"acf":[],"_links":{"self":[{"href":"https:\/\/grupotextil.es\/ca\/wp-json\/wp\/v2\/product\/230190","targetHints":{"allow":["GET"]}}],"collection":[{"href":"https:\/\/grupotextil.es\/ca\/wp-json\/wp\/v2\/product"}],"about":[{"href":"https:\/\/grupotextil.es\/ca\/wp-json\/wp\/v2\/types\/product"}],"replies":[{"embeddable":true,"href":"https:\/\/grupotextil.es\/ca\/wp-json\/wp\/v2\/comments?post=230190"}],"wp:featuredmedia":[{"embeddable":true,"href":"https:\/\/grupotextil.es\/ca\/wp-json\/wp\/v2\/media\/236540"}],"wp:attachment":[{"href":"https:\/\/grupotextil.es\/ca\/wp-json\/wp\/v2\/media?parent=230190"}],"wp:term":[{"taxonomy":"product_brand","embeddable":true,"href":"https:\/\/grupotextil.es\/ca\/wp-json\/wp\/v2\/product_brand?post=230190"},{"taxonomy":"product_cat","embeddable":true,"href":"https:\/\/grupotextil.es\/ca\/wp-json\/wp\/v2\/product_cat?post=230190"},{"taxonomy":"product_tag","embeddable":true,"href":"https:\/\/grupotextil.es\/ca\/wp-json\/wp\/v2\/product_tag?post=230190"}],"curies":[{"name":"wp","href":"https:\/\/api.w.org\/{rel}","templated":true}]}}