{"id":230211,"date":"2026-03-04T07:05:22","date_gmt":"2026-03-04T06:05:22","guid":{"rendered":"https:\/\/grupotextil.es\/producto\/adv-join-sweat-shorts-m\/"},"modified":"2026-04-19T04:06:59","modified_gmt":"2026-04-19T02:06:59","slug":"adv-join-sweat-shorts-m","status":"publish","type":"product","link":"https:\/\/grupotextil.es\/ca\/product\/adv-join-sweat-shorts-m\/","title":{"rendered":"ADV Join Sweat Shorts M"},"content":{"rendered":"<p>Los pantalones cortos de ch\u00e1ndal ADV Join Sweatshorts son muy c\u00f3modos y presentan una expresi\u00f3n limpia y suave dise\u00f1ada para el uso diario.<\/p>\n<p>Estos modernos pantalones cortos est\u00e1n confeccionados en tejido de primera calidad, con un exterior de algod\u00f3n terso y un interior de poli\u00e9ster suave. El resultado es una prenda muy c\u00f3moda que llama la atenci\u00f3n durante las actividades diarias de relax. Haciendo gala de un dise\u00f1o escandinavo y minimalista, estos pantalones cortos de ch\u00e1ndal combinan f\u00e1cilmente con multitud de prendas deportivas y de entrenamiento. Los pantalones cortos tambi\u00e9n cuentan con cintura el\u00e1stica con cord\u00f3n ajustable, pliegues delanteros y dos bolsillos laterales. El logotipo bordado contribuye a la sensaci\u00f3n de calidad que transmite esta prenda.<\/p>\n<p>\u2022 Jersey de algod\u00f3n y poli\u00e9ster de punto suave y denso (320\u00a0g\/m\u00b2)<\/p>\n<p>\u2022 Exterior de algod\u00f3n e interior de poli\u00e9ster<\/p>\n<p>\u2022 Pliegue delantero<\/p>\n<p>\u2022 Cintura el\u00e1stica con cord\u00f3n ajustable<\/p>\n<p>\u2022 Dos bolsillos laterales<\/p>\n<p>\u2022 Logotipo bordado en la pierna izquierda<\/p>\n<p>\u2022 Largo de la entrepierna: aprox. 26\u00a0cm en la talla M<\/p>\n<p>\u2022 Regular fit<\/p>\n<p><strong>Composici\u00f3n:<\/strong> Solid colors: 51% Polyester-Recycled, 46% Cotton, 3% Elastane. Melange colors: 44% Polyester-Recycled, 53% Cotton, 3% Elastane. | <strong>Peso:<\/strong> 320 g\/m2 | <strong>Tallas:<\/strong> XS-XXL<\/p>","protected":false},"excerpt":{"rendered":"<p>Los pantalones cortos de ch\u00e1ndal ADV Join Sweatshorts son muy c\u00f3modos y presentan una expresi\u00f3n limpia y suave dise\u00f1ada para el uso diario.<\/p>","protected":false},"featured_media":236551,"comment_status":"open","ping_status":"closed","template":"","meta":{"_acf_changed":false},"product_brand":[10489],"product_cat":[13983],"product_tag":[],"class_list":{"0":"post-230211","1":"product","2":"type-product","3":"status-publish","4":"has-post-thumbnail","6":"product_brand-craft","7":"product_cat-h-pantalones","8":"tm-no-options","10":"first","11":"instock","12":"taxable","13":"shipping-taxable","14":"product-type-variable"},"acf":[],"_links":{"self":[{"href":"https:\/\/grupotextil.es\/ca\/wp-json\/wp\/v2\/product\/230211","targetHints":{"allow":["GET"]}}],"collection":[{"href":"https:\/\/grupotextil.es\/ca\/wp-json\/wp\/v2\/product"}],"about":[{"href":"https:\/\/grupotextil.es\/ca\/wp-json\/wp\/v2\/types\/product"}],"replies":[{"embeddable":true,"href":"https:\/\/grupotextil.es\/ca\/wp-json\/wp\/v2\/comments?post=230211"}],"wp:featuredmedia":[{"embeddable":true,"href":"https:\/\/grupotextil.es\/ca\/wp-json\/wp\/v2\/media\/236551"}],"wp:attachment":[{"href":"https:\/\/grupotextil.es\/ca\/wp-json\/wp\/v2\/media?parent=230211"}],"wp:term":[{"taxonomy":"product_brand","embeddable":true,"href":"https:\/\/grupotextil.es\/ca\/wp-json\/wp\/v2\/product_brand?post=230211"},{"taxonomy":"product_cat","embeddable":true,"href":"https:\/\/grupotextil.es\/ca\/wp-json\/wp\/v2\/product_cat?post=230211"},{"taxonomy":"product_tag","embeddable":true,"href":"https:\/\/grupotextil.es\/ca\/wp-json\/wp\/v2\/product_tag?post=230211"}],"curies":[{"name":"wp","href":"https:\/\/api.w.org\/{rel}","templated":true}]}}