{"id":230256,"date":"2026-03-04T07:05:49","date_gmt":"2026-03-04T06:05:49","guid":{"rendered":"https:\/\/grupotextil.es\/producto\/5517-pantalon-pirata-cordura\/"},"modified":"2026-04-26T04:05:51","modified_gmt":"2026-04-26T02:05:51","slug":"5517-pantalon-pirata-cordura","status":"publish","type":"product","link":"https:\/\/grupotextil.es\/ca\/product\/5517-pantalon-pirata-cordura\/","title":{"rendered":"5517 PANTAL\u00d3N PIRATA CORDURA"},"content":{"rendered":"<p>Pantal\u00f3n pirata de algod\u00f3n resistente y refuerzos de Cordura\u00ae. Bolsillos laterales a ambos lados, uno con bolsillos adicionales y otro con presillas para herramientas. Bolsillos en la pierna, en el lado izquierdo bolsillo con solapa y cierre de bot\u00f3n a presi\u00f3n, bolsillo interior para m\u00f3vil y gancho para tarjeta de identificaci\u00f3n. En el lado derecho bolsillo para cinta m\u00e9trica y bolsillo con bot\u00f3n para herramientas. Bolsillos traseros con anchura extra. Dos trabillas ajustables para martillo, una a cada lado. D-Ring sujeto a la cintura. Bolsillos interiores para protectores de rodillas, ajustables a dos niveles de altura. Los bolsillos para fundas y las rodillas est\u00e1n reforzados con Cordura\u00ae para una mayor durabilidad.<\/p>\n<p><strong>Composici\u00f3n:<\/strong> 100% algod\u00f3n 375 g\/m2 Refuerzos: 100 % poliamida, Cordura\u00ae | <strong>Peso:<\/strong> 375 g\/m\u00b2 | <strong>Tallas:<\/strong> C44-C62<\/p>","protected":false},"excerpt":{"rendered":"<p>Pantal\u00f3n pirata de algod\u00f3n resistente y refuerzos de Cordura\u00ae. Bolsillos laterales a ambos lados, uno con bolsillos adicionales y otro con presillas para herramientas. Bolsillos en la pierna, en el lado izquierdo bolsillo con solapa y cierre de bot\u00f3n<\/p>","protected":false},"featured_media":236573,"comment_status":"open","ping_status":"closed","template":"","meta":{"_acf_changed":false},"product_brand":[10531],"product_cat":[13983],"product_tag":[],"class_list":{"0":"post-230256","1":"product","2":"type-product","3":"status-publish","4":"has-post-thumbnail","6":"product_brand-projob","7":"product_cat-h-pantalones","8":"tm-no-options","10":"first","11":"instock","12":"taxable","13":"shipping-taxable","14":"product-type-variable"},"acf":[],"_links":{"self":[{"href":"https:\/\/grupotextil.es\/ca\/wp-json\/wp\/v2\/product\/230256","targetHints":{"allow":["GET"]}}],"collection":[{"href":"https:\/\/grupotextil.es\/ca\/wp-json\/wp\/v2\/product"}],"about":[{"href":"https:\/\/grupotextil.es\/ca\/wp-json\/wp\/v2\/types\/product"}],"replies":[{"embeddable":true,"href":"https:\/\/grupotextil.es\/ca\/wp-json\/wp\/v2\/comments?post=230256"}],"wp:featuredmedia":[{"embeddable":true,"href":"https:\/\/grupotextil.es\/ca\/wp-json\/wp\/v2\/media\/236573"}],"wp:attachment":[{"href":"https:\/\/grupotextil.es\/ca\/wp-json\/wp\/v2\/media?parent=230256"}],"wp:term":[{"taxonomy":"product_brand","embeddable":true,"href":"https:\/\/grupotextil.es\/ca\/wp-json\/wp\/v2\/product_brand?post=230256"},{"taxonomy":"product_cat","embeddable":true,"href":"https:\/\/grupotextil.es\/ca\/wp-json\/wp\/v2\/product_cat?post=230256"},{"taxonomy":"product_tag","embeddable":true,"href":"https:\/\/grupotextil.es\/ca\/wp-json\/wp\/v2\/product_tag?post=230256"}],"curies":[{"name":"wp","href":"https:\/\/api.w.org\/{rel}","templated":true}]}}