{"id":230268,"date":"2026-03-04T07:05:57","date_gmt":"2026-03-04T06:05:57","guid":{"rendered":"https:\/\/grupotextil.es\/producto\/classic-half-zip\/"},"modified":"2026-04-26T04:05:51","modified_gmt":"2026-04-26T02:05:51","slug":"classic-half-zip","status":"publish","type":"product","link":"https:\/\/grupotextil.es\/ca\/product\/classic-half-zip\/","title":{"rendered":"Classic Half Zip"},"content":{"rendered":"<p>Sudadera unisex media cremallera con costuras a tono. Canal\u00e9 2&#215;2. Bolsillo lateral oculto con cremallera. Bolsillos con soluci\u00f3n para auriculares.<\/p>\n<p><strong>Composici\u00f3n:<\/strong> 80% algod\u00f3n, 20% poli\u00e9ster, (antracita marengo [955] 60% algod\u00f3n, 40% poli\u00e9ster. Gris marengo [95] 85% algod\u00f3n 15% viscosa) | <strong>Peso:<\/strong> 300 g\/m2 | <strong>Tallas:<\/strong> XS-5XL (00: XS-4XL)<\/p>","protected":false},"excerpt":{"rendered":"<p>Sudadera unisex media cremallera con costuras a tono. Canal\u00e9 2&#215;2. Bolsillo lateral oculto con cremallera. Bolsillos con soluci\u00f3n para auriculares.<\/p>","protected":false},"featured_media":236580,"comment_status":"open","ping_status":"closed","template":"","meta":{"_acf_changed":false},"product_brand":[10446],"product_cat":[15137,13980],"product_tag":[],"class_list":{"0":"post-230268","1":"product","2":"type-product","3":"status-publish","4":"has-post-thumbnail","6":"product_brand-clique","7":"product_cat-hombre-unisex-mujer","8":"product_cat-h-sudaderas","9":"tm-no-options","11":"first","12":"instock","13":"taxable","14":"shipping-taxable","15":"product-type-variable"},"acf":[],"_links":{"self":[{"href":"https:\/\/grupotextil.es\/ca\/wp-json\/wp\/v2\/product\/230268","targetHints":{"allow":["GET"]}}],"collection":[{"href":"https:\/\/grupotextil.es\/ca\/wp-json\/wp\/v2\/product"}],"about":[{"href":"https:\/\/grupotextil.es\/ca\/wp-json\/wp\/v2\/types\/product"}],"replies":[{"embeddable":true,"href":"https:\/\/grupotextil.es\/ca\/wp-json\/wp\/v2\/comments?post=230268"}],"wp:featuredmedia":[{"embeddable":true,"href":"https:\/\/grupotextil.es\/ca\/wp-json\/wp\/v2\/media\/236580"}],"wp:attachment":[{"href":"https:\/\/grupotextil.es\/ca\/wp-json\/wp\/v2\/media?parent=230268"}],"wp:term":[{"taxonomy":"product_brand","embeddable":true,"href":"https:\/\/grupotextil.es\/ca\/wp-json\/wp\/v2\/product_brand?post=230268"},{"taxonomy":"product_cat","embeddable":true,"href":"https:\/\/grupotextil.es\/ca\/wp-json\/wp\/v2\/product_cat?post=230268"},{"taxonomy":"product_tag","embeddable":true,"href":"https:\/\/grupotextil.es\/ca\/wp-json\/wp\/v2\/product_tag?post=230268"}],"curies":[{"name":"wp","href":"https:\/\/api.w.org\/{rel}","templated":true}]}}