{"id":230315,"date":"2026-03-04T07:06:27","date_gmt":"2026-03-04T06:06:27","guid":{"rendered":"https:\/\/grupotextil.es\/producto\/trail-band\/"},"modified":"2026-04-26T04:05:51","modified_gmt":"2026-04-26T02:05:51","slug":"trail-band","status":"publish","type":"product","link":"https:\/\/grupotextil.es\/ca\/product\/trail-band\/","title":{"rendered":"Trail Band"},"content":{"rendered":"<p>Trail Band es un cintur\u00f3n de running compacto y ligero dise\u00f1ado para sujetar con seguridad lo esencial durante las intensas sesiones de trail running. Confeccionada en tejido el\u00e1stico, se ci\u00f1e a la cintura para un ajuste c\u00f3modo. El cintur\u00f3n presenta m\u00faltiples bolsillos de varios tama\u00f1os, incluido un espacioso bolsillo con cremallera, y correas el\u00e1sticas en la parte trasera para llevar una camiseta o una capa extra.<\/p>\n<p>\u2022 Tejidos el\u00e1sticos<\/p>\n<p>\u2022 M\u00faltiples bolsillos de varios tama\u00f1os<\/p>\n<p>\u2022 Un bolsillo grande con cremallera<\/p>\n<p>\u2022 Tiras el\u00e1sticas en la espalda para almacenamiento adicional<\/p>\n<p>\u2022 Detalles reflectantes<\/p>\n<p><strong>Composici\u00f3n:<\/strong> 89% Polyamide, 11% Elastane | <strong>Tallas:<\/strong> XS-XL<\/p>","protected":false},"excerpt":{"rendered":"<p>Trail Band es un cintur\u00f3n de running compacto y ligero dise\u00f1ado para sujetar con seguridad lo esencial durante las intensas sesiones de trail running. Confeccionada en tejido el\u00e1stico, se ci\u00f1e a la cintura para un ajuste c\u00f3modo. El cintur\u00f3n presenta<\/p>","protected":false},"featured_media":236603,"comment_status":"open","ping_status":"closed","template":"","meta":{"_acf_changed":false},"product_brand":[10489],"product_cat":[15147],"product_tag":[],"class_list":{"0":"post-230315","1":"product","2":"type-product","3":"status-publish","4":"has-post-thumbnail","6":"product_brand-craft","7":"product_cat-new-wave","8":"tm-no-options","10":"first","11":"instock","12":"taxable","13":"shipping-taxable","14":"product-type-variable"},"acf":[],"_links":{"self":[{"href":"https:\/\/grupotextil.es\/ca\/wp-json\/wp\/v2\/product\/230315","targetHints":{"allow":["GET"]}}],"collection":[{"href":"https:\/\/grupotextil.es\/ca\/wp-json\/wp\/v2\/product"}],"about":[{"href":"https:\/\/grupotextil.es\/ca\/wp-json\/wp\/v2\/types\/product"}],"replies":[{"embeddable":true,"href":"https:\/\/grupotextil.es\/ca\/wp-json\/wp\/v2\/comments?post=230315"}],"wp:featuredmedia":[{"embeddable":true,"href":"https:\/\/grupotextil.es\/ca\/wp-json\/wp\/v2\/media\/236603"}],"wp:attachment":[{"href":"https:\/\/grupotextil.es\/ca\/wp-json\/wp\/v2\/media?parent=230315"}],"wp:term":[{"taxonomy":"product_brand","embeddable":true,"href":"https:\/\/grupotextil.es\/ca\/wp-json\/wp\/v2\/product_brand?post=230315"},{"taxonomy":"product_cat","embeddable":true,"href":"https:\/\/grupotextil.es\/ca\/wp-json\/wp\/v2\/product_cat?post=230315"},{"taxonomy":"product_tag","embeddable":true,"href":"https:\/\/grupotextil.es\/ca\/wp-json\/wp\/v2\/product_tag?post=230315"}],"curies":[{"name":"wp","href":"https:\/\/api.w.org\/{rel}","templated":true}]}}