{"id":230339,"date":"2026-03-04T07:06:46","date_gmt":"2026-03-04T06:06:46","guid":{"rendered":"https:\/\/grupotextil.es\/producto\/american-u-woman\/"},"modified":"2026-04-26T04:05:52","modified_gmt":"2026-04-26T02:05:52","slug":"american-u-woman","status":"publish","type":"product","link":"https:\/\/grupotextil.es\/ca\/product\/american-u-woman\/","title":{"rendered":"American U Woman"},"content":{"rendered":"<p>Camiseta para hombre y mujer. Canal\u00e9 dos capas en cuello. Certificado Oeko-tex.<\/p>\n<p><strong>Composici\u00f3n:<\/strong> 100% ring-spun, algod\u00f3n peinado y lavado enzim\u00e1tico (121 ceniza 95% algod\u00f3n, 5% viscosa), 180 g\/m\u00b2 | <strong>Peso:<\/strong> 180 g\/m\u00b2 | <strong>Tallas:<\/strong> XS-XXL<\/p>","protected":false},"excerpt":{"rendered":"<p>Camiseta para hombre y mujer. Canal\u00e9 dos capas en cuello. Certificado Oeko-tex.<\/p>","protected":false},"featured_media":236615,"comment_status":"open","ping_status":"closed","template":"","meta":{"_acf_changed":false},"product_brand":[10521],"product_cat":[13974,13975,13973],"product_tag":[],"class_list":{"0":"post-230339","1":"product","2":"type-product","3":"status-publish","4":"has-post-thumbnail","6":"product_brand-james-harvest","7":"product_cat-ropa-hombre","8":"product_cat-ropa-mujer","9":"product_cat-ropa","10":"tm-no-options","12":"first","13":"instock","14":"taxable","15":"shipping-taxable","16":"product-type-variable"},"acf":[],"_links":{"self":[{"href":"https:\/\/grupotextil.es\/ca\/wp-json\/wp\/v2\/product\/230339","targetHints":{"allow":["GET"]}}],"collection":[{"href":"https:\/\/grupotextil.es\/ca\/wp-json\/wp\/v2\/product"}],"about":[{"href":"https:\/\/grupotextil.es\/ca\/wp-json\/wp\/v2\/types\/product"}],"replies":[{"embeddable":true,"href":"https:\/\/grupotextil.es\/ca\/wp-json\/wp\/v2\/comments?post=230339"}],"wp:featuredmedia":[{"embeddable":true,"href":"https:\/\/grupotextil.es\/ca\/wp-json\/wp\/v2\/media\/236615"}],"wp:attachment":[{"href":"https:\/\/grupotextil.es\/ca\/wp-json\/wp\/v2\/media?parent=230339"}],"wp:term":[{"taxonomy":"product_brand","embeddable":true,"href":"https:\/\/grupotextil.es\/ca\/wp-json\/wp\/v2\/product_brand?post=230339"},{"taxonomy":"product_cat","embeddable":true,"href":"https:\/\/grupotextil.es\/ca\/wp-json\/wp\/v2\/product_cat?post=230339"},{"taxonomy":"product_tag","embeddable":true,"href":"https:\/\/grupotextil.es\/ca\/wp-json\/wp\/v2\/product_tag?post=230339"}],"curies":[{"name":"wp","href":"https:\/\/api.w.org\/{rel}","templated":true}]}}