{"id":230364,"date":"2026-03-04T07:07:01","date_gmt":"2026-03-04T06:07:01","guid":{"rendered":"https:\/\/grupotextil.es\/producto\/2521-pantalon-elastico-mujer\/"},"modified":"2026-04-26T04:05:52","modified_gmt":"2026-04-26T02:05:52","slug":"2521-pantalon-elastico-mujer","status":"publish","type":"product","link":"https:\/\/grupotextil.es\/ca\/product\/2521-pantalon-elastico-mujer\/","title":{"rendered":"2521 PANTAL\u00d3N EL\u00c1STICO MUJER"},"content":{"rendered":"<p>Pantal\u00f3n de cintura con gran flexibilidad. Tejido el\u00e1stico en la zona trasera, la entrepierna y las rodillas para proporcionar una mayor libertad de movimientos. Bolsillos en las piernas con cremallera, el izquierdo con bolsillo interno para el m\u00f3vil y en el lado derecho bolsillo con enganche para tarjeta identificativa. Trabilla m\u00e1s ancha en la espalda para evitar la presi\u00f3n del cintur\u00f3n. Bolsillos traseros con solapa y cierre de velcro. Fijaci\u00f3n oculta para bolsillos tipo funda (ref. art\u00edculo 9042). Bot\u00f3n oculto en la parte delantera. El pantal\u00f3n se puede alargar 5 cm descosiendo la costura roja del bajo.<\/p>\n<p><strong>Composici\u00f3n:<\/strong> Tejido 1: 65% poli\u00e9ster, 35% algod\u00f3n 230 g\/m2. Tejido 2: 92% Nylon, 8% Spandex, 245 g\/m2 | <strong>Peso:<\/strong> 230 g\/m\u00b2 | <strong>Tallas:<\/strong> C32-C50<\/p>","protected":false},"excerpt":{"rendered":"<p>Pantal\u00f3n de cintura con gran flexibilidad. Tejido el\u00e1stico en la zona trasera, la entrepierna y las rodillas para proporcionar una mayor libertad de movimientos. Bolsillos en las piernas con cremallera, el izquierdo con bolsillo interno para el m\u00f3vil<\/p>","protected":false},"featured_media":236625,"comment_status":"open","ping_status":"closed","template":"","meta":{"_acf_changed":false},"product_brand":[10531],"product_cat":[13983],"product_tag":[],"class_list":{"0":"post-230364","1":"product","2":"type-product","3":"status-publish","4":"has-post-thumbnail","6":"product_brand-projob","7":"product_cat-h-pantalones","8":"tm-no-options","10":"first","11":"instock","12":"taxable","13":"shipping-taxable","14":"product-type-variable"},"acf":[],"_links":{"self":[{"href":"https:\/\/grupotextil.es\/ca\/wp-json\/wp\/v2\/product\/230364","targetHints":{"allow":["GET"]}}],"collection":[{"href":"https:\/\/grupotextil.es\/ca\/wp-json\/wp\/v2\/product"}],"about":[{"href":"https:\/\/grupotextil.es\/ca\/wp-json\/wp\/v2\/types\/product"}],"replies":[{"embeddable":true,"href":"https:\/\/grupotextil.es\/ca\/wp-json\/wp\/v2\/comments?post=230364"}],"wp:featuredmedia":[{"embeddable":true,"href":"https:\/\/grupotextil.es\/ca\/wp-json\/wp\/v2\/media\/236625"}],"wp:attachment":[{"href":"https:\/\/grupotextil.es\/ca\/wp-json\/wp\/v2\/media?parent=230364"}],"wp:term":[{"taxonomy":"product_brand","embeddable":true,"href":"https:\/\/grupotextil.es\/ca\/wp-json\/wp\/v2\/product_brand?post=230364"},{"taxonomy":"product_cat","embeddable":true,"href":"https:\/\/grupotextil.es\/ca\/wp-json\/wp\/v2\/product_cat?post=230364"},{"taxonomy":"product_tag","embeddable":true,"href":"https:\/\/grupotextil.es\/ca\/wp-json\/wp\/v2\/product_tag?post=230364"}],"curies":[{"name":"wp","href":"https:\/\/api.w.org\/{rel}","templated":true}]}}