{"id":230426,"date":"2026-03-04T07:07:42","date_gmt":"2026-03-04T06:07:42","guid":{"rendered":"https:\/\/grupotextil.es\/producto\/2022-pique-algodon\/"},"modified":"2026-04-19T04:07:00","modified_gmt":"2026-04-19T02:07:00","slug":"2022-pique-algodon","status":"publish","type":"product","link":"https:\/\/grupotextil.es\/ca\/product\/2022-pique-algodon\/","title":{"rendered":"2022 PIQU\u00c9 ALGOD\u00d3N"},"content":{"rendered":"<p>Moderno piqu\u00e9 entallado. Tres botones a tono. Pre-encogido y tratamiento enzim\u00e1tico para un mejor tacto.<\/p>\n<p><strong>Composici\u00f3n:<\/strong> 95% Algod\u00f3n, 5% elastano, 215 g\/m2 | <strong>Peso:<\/strong> 215 g\/m2 | <strong>Tallas:<\/strong> XS-4XL<\/p>","protected":false},"excerpt":{"rendered":"<p>Moderno piqu\u00e9 entallado. Tres botones a tono. Pre-encogido y tratamiento enzim\u00e1tico para un mejor tacto.<\/p>","protected":false},"featured_media":236655,"comment_status":"open","ping_status":"closed","template":"","meta":{"_acf_changed":false},"product_brand":[10531],"product_cat":[13990,13981,13974,13932,13930,13975,13935,13973],"product_tag":[],"class_list":{"0":"post-230426","1":"product","2":"type-product","3":"status-publish","4":"has-post-thumbnail","6":"product_brand-projob","7":"product_cat-m-chaquetas-y-abrigos","8":"product_cat-h-chaquetas-y-abrigos","9":"product_cat-ropa-hombre","10":"product_cat-hosteleria-horeca","11":"product_cat-laboral","12":"product_cat-ropa-mujer","13":"product_cat-pantalones-cocina","14":"product_cat-ropa","15":"tm-no-options","17":"first","18":"instock","19":"taxable","20":"shipping-taxable","21":"product-type-variable"},"acf":[],"_links":{"self":[{"href":"https:\/\/grupotextil.es\/ca\/wp-json\/wp\/v2\/product\/230426","targetHints":{"allow":["GET"]}}],"collection":[{"href":"https:\/\/grupotextil.es\/ca\/wp-json\/wp\/v2\/product"}],"about":[{"href":"https:\/\/grupotextil.es\/ca\/wp-json\/wp\/v2\/types\/product"}],"replies":[{"embeddable":true,"href":"https:\/\/grupotextil.es\/ca\/wp-json\/wp\/v2\/comments?post=230426"}],"wp:featuredmedia":[{"embeddable":true,"href":"https:\/\/grupotextil.es\/ca\/wp-json\/wp\/v2\/media\/236655"}],"wp:attachment":[{"href":"https:\/\/grupotextil.es\/ca\/wp-json\/wp\/v2\/media?parent=230426"}],"wp:term":[{"taxonomy":"product_brand","embeddable":true,"href":"https:\/\/grupotextil.es\/ca\/wp-json\/wp\/v2\/product_brand?post=230426"},{"taxonomy":"product_cat","embeddable":true,"href":"https:\/\/grupotextil.es\/ca\/wp-json\/wp\/v2\/product_cat?post=230426"},{"taxonomy":"product_tag","embeddable":true,"href":"https:\/\/grupotextil.es\/ca\/wp-json\/wp\/v2\/product_tag?post=230426"}],"curies":[{"name":"wp","href":"https:\/\/api.w.org\/{rel}","templated":true}]}}