{"id":230466,"date":"2026-03-04T07:08:05","date_gmt":"2026-03-04T06:08:05","guid":{"rendered":"https:\/\/grupotextil.es\/producto\/overlanding-lady\/"},"modified":"2026-04-26T04:05:52","modified_gmt":"2026-04-26T02:05:52","slug":"overlanding-lady","status":"publish","type":"product","link":"https:\/\/grupotextil.es\/ca\/product\/overlanding-lady\/","title":{"rendered":"Overlanding Lady"},"content":{"rendered":"<p>Chaqueta softshell acolchada con capucha desmontable. Tapa con cremallera y botones de presi\u00f3n delanteros. Tiras de velcro ajustables en el bajo de las mangas y cord\u00f3n el\u00e1stico en la capucha y en la costura inferior. Dos bolsillos interiores con cremallera. Ribete reflectante en la parte inferior de la espalda. Etiqueta f\u00e1cil de quitar en el cuello y etiqueta con talla por separado. Tiradores de cremallera en color a contraste. Los tiradores de cremallera de repuesto se venden por separado. Certificado Oeko-Tex 100. Se presenta en una bolsa de polietileno compostable.<\/p>\n<p><strong>Composici\u00f3n:<\/strong> Tejido exterior: 100% Poli\u00e9ster reciclado, 280 g\/m\u00b2, con forro polar 100% poli\u00e9ster reciclado, WP 3000\/ MVP 3000<br \/>\nAcolchado: 100% Poli\u00e9ster reciclado<br \/>\nForro: 100% Poli\u00e9ster reciclado | <strong>Peso:<\/strong> Shell: 280 g\/m\u00b2 &#8211; Lining (body): g\/m\u00b2 &#8211; Lining (pockets): 120 g\/m\u00b2 | <strong>Tallas:<\/strong> XS-XXL<\/p>","protected":false},"excerpt":{"rendered":"<p>Chaqueta softshell acolchada con capucha desmontable. Tapa con cremallera y botones de presi\u00f3n delanteros. Tiras de velcro ajustables en el bajo de las mangas y cord\u00f3n el\u00e1stico en la capucha y en la costura inferior. Dos bolsillos interiores con crem<\/p>","protected":false},"featured_media":236671,"comment_status":"open","ping_status":"closed","template":"","meta":{"_acf_changed":false},"product_brand":[10522],"product_cat":[15147],"product_tag":[],"class_list":{"0":"post-230466","1":"product","2":"type-product","3":"status-publish","4":"has-post-thumbnail","6":"product_brand-printer","7":"product_cat-new-wave","8":"tm-no-options","10":"first","11":"instock","12":"taxable","13":"shipping-taxable","14":"product-type-variable"},"acf":[],"_links":{"self":[{"href":"https:\/\/grupotextil.es\/ca\/wp-json\/wp\/v2\/product\/230466","targetHints":{"allow":["GET"]}}],"collection":[{"href":"https:\/\/grupotextil.es\/ca\/wp-json\/wp\/v2\/product"}],"about":[{"href":"https:\/\/grupotextil.es\/ca\/wp-json\/wp\/v2\/types\/product"}],"replies":[{"embeddable":true,"href":"https:\/\/grupotextil.es\/ca\/wp-json\/wp\/v2\/comments?post=230466"}],"wp:featuredmedia":[{"embeddable":true,"href":"https:\/\/grupotextil.es\/ca\/wp-json\/wp\/v2\/media\/236671"}],"wp:attachment":[{"href":"https:\/\/grupotextil.es\/ca\/wp-json\/wp\/v2\/media?parent=230466"}],"wp:term":[{"taxonomy":"product_brand","embeddable":true,"href":"https:\/\/grupotextil.es\/ca\/wp-json\/wp\/v2\/product_brand?post=230466"},{"taxonomy":"product_cat","embeddable":true,"href":"https:\/\/grupotextil.es\/ca\/wp-json\/wp\/v2\/product_cat?post=230466"},{"taxonomy":"product_tag","embeddable":true,"href":"https:\/\/grupotextil.es\/ca\/wp-json\/wp\/v2\/product_tag?post=230466"}],"curies":[{"name":"wp","href":"https:\/\/api.w.org\/{rel}","templated":true}]}}