{"id":230504,"date":"2026-03-04T07:08:28","date_gmt":"2026-03-04T06:08:28","guid":{"rendered":"https:\/\/grupotextil.es\/producto\/classic-hoody-full-zip-women\/"},"modified":"2026-04-19T04:07:00","modified_gmt":"2026-04-19T02:07:00","slug":"classic-hoody-full-zip-women","status":"publish","type":"product","link":"https:\/\/grupotextil.es\/ca\/product\/classic-hoody-full-zip-women\/","title":{"rendered":"Classic Hoody Full Zip Women"},"content":{"rendered":"<p>Sudadera de cremallera entera con capucha. Dos bolsillos laterales con cremallera y dos interiores. Forro a contraste en interior de capucha. Cord\u00f3n de doble cara. Canal\u00e9 el\u00e1stico en manga y cintura. Costuras a tono. Adaptado para auriculares.<\/p>\n<p><strong>Composici\u00f3n:<\/strong> 80% Algod\u00f3n, 20% Poli\u00e9ster (Antracita marengo [955] 60% algod\u00f3n, 40% poli\u00e9ster. Gris marengo [95] 85% algod\u00f3n 15% viscosa). | <strong>Peso:<\/strong> 300 g\/m2 | <strong>Tallas:<\/strong> XS-XXL<\/p>","protected":false},"excerpt":{"rendered":"<p>Sudadera de cremallera entera con capucha. Dos bolsillos laterales con cremallera y dos interiores. Forro a contraste en interior de capucha. Cord\u00f3n de doble cara. Canal\u00e9 el\u00e1stico en manga y cintura. Costuras a tono. Adaptado para auriculares.<\/p>","protected":false},"featured_media":236689,"comment_status":"open","ping_status":"closed","template":"","meta":{"_acf_changed":false},"product_brand":[10446],"product_cat":[13980],"product_tag":[],"class_list":{"0":"post-230504","1":"product","2":"type-product","3":"status-publish","4":"has-post-thumbnail","6":"product_brand-clique","7":"product_cat-h-sudaderas","8":"tm-no-options","10":"first","11":"instock","12":"taxable","13":"shipping-taxable","14":"product-type-variable"},"acf":[],"_links":{"self":[{"href":"https:\/\/grupotextil.es\/ca\/wp-json\/wp\/v2\/product\/230504","targetHints":{"allow":["GET"]}}],"collection":[{"href":"https:\/\/grupotextil.es\/ca\/wp-json\/wp\/v2\/product"}],"about":[{"href":"https:\/\/grupotextil.es\/ca\/wp-json\/wp\/v2\/types\/product"}],"replies":[{"embeddable":true,"href":"https:\/\/grupotextil.es\/ca\/wp-json\/wp\/v2\/comments?post=230504"}],"wp:featuredmedia":[{"embeddable":true,"href":"https:\/\/grupotextil.es\/ca\/wp-json\/wp\/v2\/media\/236689"}],"wp:attachment":[{"href":"https:\/\/grupotextil.es\/ca\/wp-json\/wp\/v2\/media?parent=230504"}],"wp:term":[{"taxonomy":"product_brand","embeddable":true,"href":"https:\/\/grupotextil.es\/ca\/wp-json\/wp\/v2\/product_brand?post=230504"},{"taxonomy":"product_cat","embeddable":true,"href":"https:\/\/grupotextil.es\/ca\/wp-json\/wp\/v2\/product_cat?post=230504"},{"taxonomy":"product_tag","embeddable":true,"href":"https:\/\/grupotextil.es\/ca\/wp-json\/wp\/v2\/product_tag?post=230504"}],"curies":[{"name":"wp","href":"https:\/\/api.w.org\/{rel}","templated":true}]}}