{"id":230903,"date":"2026-03-04T07:12:31","date_gmt":"2026-03-04T06:12:31","guid":{"rendered":"https:\/\/grupotextil.es\/producto\/rush-2-0-short-tights-m\/"},"modified":"2026-04-19T04:07:03","modified_gmt":"2026-04-19T02:07:03","slug":"rush-2-0-short-tights-m","status":"publish","type":"product","link":"https:\/\/grupotextil.es\/ca\/product\/rush-2-0-short-tights-m\/","title":{"rendered":"Rush 2.0 Short Tights M"},"content":{"rendered":"<p>Las Rush 2.0 Short Tights son unas mallas ligeras y el\u00e1sticas que ofrecen un transporte eficiente de la humedad y una gran libertad de movimiento durante actividades f\u00edsicas intensas como el atletismo y la gimnasia. Confeccionada con poli\u00e9ster reciclado y dise\u00f1ada para reducir la huella ambiental, esta prenda es un espl\u00e9ndido ejemplo de ropa deportiva de \u00faltima generaci\u00f3n. Perfectos para la inclusi\u00f3n de marcas con el logotipo del club, patrocinios o empresas.<\/p>\n<p>\u2022 Confeccionada con poli\u00e9ster reciclado<\/p>\n<p>\u2022 Dise\u00f1o limpio<\/p>\n<p><strong>Composici\u00f3n:<\/strong> 92% Polyester-Recycled, 8% Elastane | <strong>Peso:<\/strong> 220 g\/m2 | <strong>Tallas:<\/strong> XS-3XL<\/p>","protected":false},"excerpt":{"rendered":"<p>Las Rush 2.0 Short Tights son unas mallas ligeras y el\u00e1sticas que ofrecen un transporte eficiente de la humedad y una gran libertad de movimiento durante actividades f\u00edsicas intensas como el atletismo y la gimnasia. Confeccionada con poli\u00e9ster recicl<\/p>","protected":false},"featured_media":236775,"comment_status":"open","ping_status":"closed","template":"","meta":{"_acf_changed":false},"product_brand":[10489],"product_cat":[15147],"product_tag":[],"class_list":{"0":"post-230903","1":"product","2":"type-product","3":"status-publish","4":"has-post-thumbnail","6":"product_brand-craft","7":"product_cat-new-wave","8":"tm-no-options","10":"first","11":"instock","12":"taxable","13":"shipping-taxable","14":"product-type-variable"},"acf":[],"_links":{"self":[{"href":"https:\/\/grupotextil.es\/ca\/wp-json\/wp\/v2\/product\/230903","targetHints":{"allow":["GET"]}}],"collection":[{"href":"https:\/\/grupotextil.es\/ca\/wp-json\/wp\/v2\/product"}],"about":[{"href":"https:\/\/grupotextil.es\/ca\/wp-json\/wp\/v2\/types\/product"}],"replies":[{"embeddable":true,"href":"https:\/\/grupotextil.es\/ca\/wp-json\/wp\/v2\/comments?post=230903"}],"wp:featuredmedia":[{"embeddable":true,"href":"https:\/\/grupotextil.es\/ca\/wp-json\/wp\/v2\/media\/236775"}],"wp:attachment":[{"href":"https:\/\/grupotextil.es\/ca\/wp-json\/wp\/v2\/media?parent=230903"}],"wp:term":[{"taxonomy":"product_brand","embeddable":true,"href":"https:\/\/grupotextil.es\/ca\/wp-json\/wp\/v2\/product_brand?post=230903"},{"taxonomy":"product_cat","embeddable":true,"href":"https:\/\/grupotextil.es\/ca\/wp-json\/wp\/v2\/product_cat?post=230903"},{"taxonomy":"product_tag","embeddable":true,"href":"https:\/\/grupotextil.es\/ca\/wp-json\/wp\/v2\/product_tag?post=230903"}],"curies":[{"name":"wp","href":"https:\/\/api.w.org\/{rel}","templated":true}]}}