{"id":230915,"date":"2026-03-04T07:12:41","date_gmt":"2026-03-04T06:12:41","guid":{"rendered":"https:\/\/grupotextil.es\/producto\/jog-rsx\/"},"modified":"2026-04-19T04:07:03","modified_gmt":"2026-04-19T02:07:03","slug":"jog-rsx","status":"publish","type":"product","link":"https:\/\/grupotextil.es\/ca\/product\/jog-rsx\/","title":{"rendered":"Jog RSX"},"content":{"rendered":"<p>Sudadera de poli\u00e9ster con cremallera entera y mangas raglan y cord\u00f3n a dos tonos. Cremallera frontal y bolsillos con cremallera a contraste. Cremallera oculta en cuello para f\u00e1cilitar el reemplazo del cord\u00f3n.<\/p>\n<p><strong>Composici\u00f3n:<\/strong> 100% poli\u00e9ster reciclado, 320 g\/m\u00b2 | <strong>Peso:<\/strong> 320 g\/m\u00b2 | <strong>Tallas:<\/strong> S-5XL<\/p>","protected":false},"excerpt":{"rendered":"<p>Sudadera de poli\u00e9ster con cremallera entera y mangas raglan y cord\u00f3n a dos tonos. Cremallera frontal y bolsillos con cremallera a contraste. Cremallera oculta en cuello para f\u00e1cilitar el reemplazo del cord\u00f3n.<\/p>","protected":false},"featured_media":236777,"comment_status":"open","ping_status":"closed","template":"","meta":{"_acf_changed":false},"product_brand":[10522],"product_cat":[15147],"product_tag":[],"class_list":{"0":"post-230915","1":"product","2":"type-product","3":"status-publish","4":"has-post-thumbnail","6":"product_brand-printer","7":"product_cat-new-wave","8":"tm-no-options","10":"first","11":"instock","12":"taxable","13":"shipping-taxable","14":"product-type-variable"},"acf":[],"_links":{"self":[{"href":"https:\/\/grupotextil.es\/ca\/wp-json\/wp\/v2\/product\/230915","targetHints":{"allow":["GET"]}}],"collection":[{"href":"https:\/\/grupotextil.es\/ca\/wp-json\/wp\/v2\/product"}],"about":[{"href":"https:\/\/grupotextil.es\/ca\/wp-json\/wp\/v2\/types\/product"}],"replies":[{"embeddable":true,"href":"https:\/\/grupotextil.es\/ca\/wp-json\/wp\/v2\/comments?post=230915"}],"wp:featuredmedia":[{"embeddable":true,"href":"https:\/\/grupotextil.es\/ca\/wp-json\/wp\/v2\/media\/236777"}],"wp:attachment":[{"href":"https:\/\/grupotextil.es\/ca\/wp-json\/wp\/v2\/media?parent=230915"}],"wp:term":[{"taxonomy":"product_brand","embeddable":true,"href":"https:\/\/grupotextil.es\/ca\/wp-json\/wp\/v2\/product_brand?post=230915"},{"taxonomy":"product_cat","embeddable":true,"href":"https:\/\/grupotextil.es\/ca\/wp-json\/wp\/v2\/product_cat?post=230915"},{"taxonomy":"product_tag","embeddable":true,"href":"https:\/\/grupotextil.es\/ca\/wp-json\/wp\/v2\/product_tag?post=230915"}],"curies":[{"name":"wp","href":"https:\/\/api.w.org\/{rel}","templated":true}]}}