{"id":230977,"date":"2026-03-04T07:13:18","date_gmt":"2026-03-04T06:13:18","guid":{"rendered":"https:\/\/grupotextil.es\/producto\/2219-camisa\/"},"modified":"2026-04-19T04:07:03","modified_gmt":"2026-04-19T02:07:03","slug":"2219-camisa","status":"publish","type":"product","link":"https:\/\/grupotextil.es\/ca\/product\/2219-camisa\/","title":{"rendered":"2219 CAMISA"},"content":{"rendered":"<p>Camisa con dos grandes bolsillos en el pecho. Abertura para bol\u00edgrafo en el bolsillo izquierdo. Pu\u00f1os ajustables con dos botones. Las mangas est\u00e1n dise\u00f1adas para la mejor flexibilidad posible, doble canes\u00fa y dos pinzas en la espalda.<\/p>\n<p><strong>Composici\u00f3n:<\/strong> 100% Sarga de algod\u00f3n, 200 g\/m\u00b2 | <strong>Peso:<\/strong> 200 g\/m\u00b2 | <strong>Tallas:<\/strong> XS-3XL<\/p>","protected":false},"excerpt":{"rendered":"<p>Camisa con dos grandes bolsillos en el pecho. Abertura para bol\u00edgrafo en el bolsillo izquierdo. Pu\u00f1os ajustables con dos botones. Las mangas est\u00e1n dise\u00f1adas para la mejor flexibilidad posible, doble canes\u00fa y dos pinzas en la espalda.<\/p>","protected":false},"featured_media":236786,"comment_status":"open","ping_status":"closed","template":"","meta":{"_acf_changed":false},"product_brand":[10531],"product_cat":[13995],"product_tag":[],"class_list":{"0":"post-230977","1":"product","2":"type-product","3":"status-publish","4":"has-post-thumbnail","6":"product_brand-projob","7":"product_cat-n-camisetas","8":"tm-no-options","10":"first","11":"instock","12":"taxable","13":"shipping-taxable","14":"product-type-variable"},"acf":[],"_links":{"self":[{"href":"https:\/\/grupotextil.es\/ca\/wp-json\/wp\/v2\/product\/230977","targetHints":{"allow":["GET"]}}],"collection":[{"href":"https:\/\/grupotextil.es\/ca\/wp-json\/wp\/v2\/product"}],"about":[{"href":"https:\/\/grupotextil.es\/ca\/wp-json\/wp\/v2\/types\/product"}],"replies":[{"embeddable":true,"href":"https:\/\/grupotextil.es\/ca\/wp-json\/wp\/v2\/comments?post=230977"}],"wp:featuredmedia":[{"embeddable":true,"href":"https:\/\/grupotextil.es\/ca\/wp-json\/wp\/v2\/media\/236786"}],"wp:attachment":[{"href":"https:\/\/grupotextil.es\/ca\/wp-json\/wp\/v2\/media?parent=230977"}],"wp:term":[{"taxonomy":"product_brand","embeddable":true,"href":"https:\/\/grupotextil.es\/ca\/wp-json\/wp\/v2\/product_brand?post=230977"},{"taxonomy":"product_cat","embeddable":true,"href":"https:\/\/grupotextil.es\/ca\/wp-json\/wp\/v2\/product_cat?post=230977"},{"taxonomy":"product_tag","embeddable":true,"href":"https:\/\/grupotextil.es\/ca\/wp-json\/wp\/v2\/product_tag?post=230977"}],"curies":[{"name":"wp","href":"https:\/\/api.w.org\/{rel}","templated":true}]}}